{"id":3101,"date":"2023-07-20T08:30:03","date_gmt":"2023-07-20T06:30:03","guid":{"rendered":"https:\/\/exearquitectura.com\/manifesto\/"},"modified":"2024-04-12T09:31:32","modified_gmt":"2024-04-12T07:31:32","slug":"manifesto","status":"publish","type":"page","link":"https:\/\/exearquitectura.com\/en\/manifesto\/","title":{"rendered":"Manifesto"},"content":{"rendered":"<p><div class=\"et_d4_element et_pb_section et_pb_section_0 et_pb_with_background  et_pb_css_mix_blend_mode et_section_regular et_block_section\" >\n\t\t\t\t\n\t\t\t\t\n\t\t\t\t\n\t\t\t\t\n\t\t\t\t\n\t\t\t\t\n\t\t\t\t<div class=\"et_d4_element et_pb_row et_pb_row_0  et_pb_css_mix_blend_mode et_block_row\">\n\t\t\t\t<div class=\"et_d4_element et_pb_column_4_4 et_pb_column et_pb_column_0  et_pb_css_mix_blend_mode et-last-child et_block_column\">\n\t\t\t\t\n\t\t\t\t\n\t\t\t\t\n\t\t\t\t\n\t\t\t\t<div class=\"et_pb_module et_d4_element et_pb_text et_pb_text_0  et_pb_text_align_left et_pb_bg_layout_light\">\n\t\t\t\t\n\t\t\t\t\n\t\t\t\t\n\t\t\t\t\n\t\t\t\t<div class=\"et_pb_text_inner\"><h1>Architecture projects<\/h1>\n<h2>Manifesto<\/h2><\/div>\n\t\t\t<\/div>\n\t\t\t<\/div>\n\t\t\t\t\n\t\t\t\t\n\t\t\t\t\n\t\t\t\t\n\t\t\t<\/div>\n\t\t\t\t\n\t\t\t\t\n\t\t\t<\/div><div class=\"et_d4_element et_pb_section et_pb_section_1  et_pb_css_mix_blend_mode et_section_regular et_block_section\" >\n\t\t\t\t\n\t\t\t\t\n\t\t\t\t\n\t\t\t\t\n\t\t\t\t\n\t\t\t\t\n\t\t\t\t<div class=\"et_d4_element et_pb_row et_pb_row_1  et_pb_css_mix_blend_mode et_block_row\">\n\t\t\t\t<div class=\"et_d4_element et_pb_column_4_4 et_pb_column et_pb_column_1  et_pb_css_mix_blend_mode et-last-child et_block_column\">\n\t\t\t\t\n\t\t\t\t\n\t\t\t\t\n\t\t\t\t\n\t\t\t\t<div class=\"et_pb_module et_d4_element et_pb_text et_pb_text_1  et_pb_text_align_left et_pb_bg_layout_light\">\n\t\t\t\t\n\t\t\t\t\n\t\t\t\t\n\t\t\t\t\n\t\t\t\t<div class=\"et_pb_text_inner\"><h2>About<\/h2><\/div>\n\t\t\t<\/div>\n\t\t\t<\/div>\n\t\t\t\t\n\t\t\t\t\n\t\t\t\t\n\t\t\t\t\n\t\t\t<\/div><div class=\"et_d4_element et_pb_row et_pb_row_2  et_pb_css_mix_blend_mode et_block_row\">\n\t\t\t\t<div class=\"et_d4_element et_pb_column_1_2 et_pb_column et_pb_column_2  et_pb_css_mix_blend_mode et_block_column\">\n\t\t\t\t\n\t\t\t\t\n\t\t\t\t\n\t\t\t\t\n\t\t\t\t<div class=\"et_pb_module et_d4_element et_pb_text et_pb_text_2  et_pb_text_align_left et_pb_bg_layout_light\">\n\t\t\t\t\n\t\t\t\t\n\t\t\t\t\n\t\t\t\t\n\t\t\t\t<div class=\"et_pb_text_inner\"><h3>Mission<\/h3><\/div>\n\t\t\t<\/div><div class=\"et_pb_module et_d4_element et_pb_text et_pb_text_3  et_pb_text_align_left et_pb_bg_layout_light\">\n\t\t\t\t\n\t\t\t\t\n\t\t\t\t\n\t\t\t\t\n\t\t\t\t<div class=\"et_pb_text_inner\"><p>To transform the world we live in through the rehabilitation and conservation of buildings and through new projects and developments, with designs that combine strict criteria in terms of health and sustainability, for the benefit of their inhabitants and the conservation of the planet.<\/p><\/div>\n\t\t\t<\/div><div class=\"et_pb_module et_d4_element et_pb_text et_pb_text_4  et_pb_text_align_left et_pb_bg_layout_light\">\n\t\t\t\t\n\t\t\t\t\n\t\t\t\t\n\t\t\t\t\n\t\t\t\t<div class=\"et_pb_text_inner\"><h3>Vision<\/h3><\/div>\n\t\t\t<\/div><div class=\"et_pb_module et_d4_element et_pb_text et_pb_text_5  et_pb_text_align_left et_pb_bg_layout_light\">\n\t\t\t\t\n\t\t\t\t\n\t\t\t\t\n\t\t\t\t\n\t\t\t\t<div class=\"et_pb_text_inner\"><p>We believe in our ability to design sustainable, innovative projects, creating a better future for the planet, our children, and future generations. We focus on the truly important and meaningful needs and actively collaborate with committed people who are inspired to give their best, for their project, for our project, for a better world.<\/p><\/div>\n\t\t\t<\/div>\n\t\t\t<\/div><div class=\"et_d4_element et_pb_column_1_2 et_pb_column et_pb_column_3  et_pb_css_mix_blend_mode et-last-child et_block_column\">\n\t\t\t\t\n\t\t\t\t\n\t\t\t\t\n\t\t\t\t\n\t\t\t\t<div class=\"et_pb_module et_d4_element et_pb_text et_pb_text_6  et_pb_text_align_left et_pb_bg_layout_light\">\n\t\t\t\t\n\t\t\t\t\n\t\t\t\t\n\t\t\t\t\n\t\t\t\t<div class=\"et_pb_text_inner\"><h3>Personal Manifesto<\/h3><\/div>\n\t\t\t<\/div><div class=\"et_pb_module et_d4_element et_pb_text et_pb_text_7  et_pb_text_align_left et_pb_bg_layout_light\">\n\t\t\t\t\n\t\t\t\t\n\t\t\t\t\n\t\t\t\t\n\t\t\t\t<div class=\"et_pb_text_inner\"><p>We believe that companies and the people who make them up have a crucial role and responsibility for their actions. In 2004 we began our commitment to sustainability, becoming pioneers with benchmark projects at both the national and European level.<\/p>\n<p>We also believe that the time has come to take a leap forward and that we must therefore be a catalyst for change and commit to positive growth and having a positive impact on that of our customers, the community, and the planet.<\/p>\n<p>We believe that this is a challenge, but we also believe that nothing is impossible and that every step we take in the present conditions our future, and even more so, that of our children.<\/p>\n<p>Our project is our legacy.<\/p><\/div>\n\t\t\t<\/div>\n\t\t\t<\/div>\n\t\t\t\t\n\t\t\t\t\n\t\t\t\t\n\t\t\t\t\n\t\t\t<\/div>\n\t\t\t\t\n\t\t\t\t\n\t\t\t<\/div><div class=\"et_d4_element et_pb_section et_pb_section_2 et_pb_section_parallax et_pb_with_background  et_pb_css_mix_blend_mode et_section_regular et_block_section\" >\n\t\t\t\t\n\t\t\t\t<span class=\"et_parallax_bg_wrap et-pb-parallax-wrapper\"><span\n\t\t\t\t\t\tclass=\"et_parallax_bg et_parallax_bg--et_pb_section_2\"\n\t\t\t\t\t\tstyle=\"background-image: url(https:\/\/exearquitectura.com\/wp-content\/uploads\/2023\/07\/4-perspectiva_.jpg);\"\n\t\t\t\t\t><\/span><span\n\t\t\t\t\t\tclass=\"et_parallax_gradient\"\n\t\t\t\t\t\tstyle=\"background-image: linear-gradient( , rgba(8,89,93,0.5) 0%, rgba(8,89,93,0.5) 100% );\"\n\t\t\t\t\t><\/span><\/span>\n\t\t\t\t\n\t\t\t\t\n\t\t\t\t\n\t\t\t\t\n\t\t\t\t<div class=\"et_d4_element et_pb_row et_pb_row_3 et_pb_equal_columns  et_pb_css_mix_blend_mode et_block_row\">\n\t\t\t\t<div class=\"et_d4_element et_pb_column_4_4 et_pb_column et_pb_column_4  et_pb_css_mix_blend_mode et-last-child et_block_column\">\n\t\t\t\t\n\t\t\t\t\n\t\t\t\t\n\t\t\t\t\n\t\t\t\t<div class=\"et_pb_module et_d4_element et_pb_image et_pb_image_0\">\n\t\t\t\t\n\t\t\t\t\n\t\t\t\t\n\t\t\t\t\n\t\t\t\t<span class=\"et_pb_image_wrap has-box-shadow-overlay\"><div class=\"box-shadow-overlay\"><\/div><img decoding=\"async\" width=\"1908\" height=\"1368\" src=\"https:\/\/exearquitectura.com\/wp-content\/uploads\/2024\/03\/foto-equip-2-1.jpg\" alt=\"foto equip 2\" title=\"foto equip 2\" srcset=\"https:\/\/exearquitectura.com\/wp-content\/uploads\/2024\/03\/foto-equip-2-1.jpg 1908w, https:\/\/exearquitectura.com\/wp-content\/uploads\/2024\/03\/foto-equip-2-1-1280x918.jpg 1280w, https:\/\/exearquitectura.com\/wp-content\/uploads\/2024\/03\/foto-equip-2-1-980x703.jpg 980w, https:\/\/exearquitectura.com\/wp-content\/uploads\/2024\/03\/foto-equip-2-1-480x344.jpg 480w\" sizes=\"(min-width: 0px) and (max-width: 480px) 480px, (min-width: 481px) and (max-width: 980px) 980px, (min-width: 981px) and (max-width: 1280px) 1280px, (min-width: 1281px) 1908px, 100vw\" class=\"wp-image-3628\" \/><\/span>\n\t\t\t<\/div>\n\t\t\t<\/div>\n\t\t\t\t\n\t\t\t\t\n\t\t\t\t\n\t\t\t\t\n\t\t\t<\/div>\n\t\t\t\t\n\t\t\t\t\n\t\t\t<\/div><div class=\"et_d4_element et_pb_section et_pb_section_3  et_pb_css_mix_blend_mode et_section_regular et_block_section\" >\n\t\t\t\t\n\t\t\t\t\n\t\t\t\t\n\t\t\t\t\n\t\t\t\t\n\t\t\t\t\n\t\t\t\t<div class=\"et_d4_element et_pb_row et_pb_row_4  et_pb_css_mix_blend_mode et_block_row\">\n\t\t\t\t<div class=\"et_d4_element et_pb_column_4_4 et_pb_column et_pb_column_5  et_pb_css_mix_blend_mode et-last-child et_block_column\">\n\t\t\t\t\n\t\t\t\t\n\t\t\t\t\n\t\t\t\t\n\t\t\t\t<div class=\"et_pb_module et_d4_element et_pb_text et_pb_text_8  et_pb_text_align_left et_pb_bg_layout_light\">\n\t\t\t\t\n\t\t\t\t\n\t\t\t\t\n\t\t\t\t\n\t\t\t\t<div class=\"et_pb_text_inner\"><h2>Our origins<\/h2><\/div>\n\t\t\t<\/div>\n\t\t\t<\/div>\n\t\t\t\t\n\t\t\t\t\n\t\t\t\t\n\t\t\t\t\n\t\t\t<\/div><div class=\"et_d4_element et_pb_row et_pb_row_5  et_pb_css_mix_blend_mode et_block_row\">\n\t\t\t\t<div class=\"et_d4_element et_pb_column_4_4 et_pb_column et_pb_column_6  et_pb_css_mix_blend_mode et-last-child et_block_column\">\n\t\t\t\t\n\t\t\t\t\n\t\t\t\t\n\t\t\t\t\n\t\t\t\t<div class=\"et_pb_module et_d4_element et_pb_text et_pb_text_9  et_pb_text_align_left et_pb_bg_layout_light\">\n\t\t\t\t\n\t\t\t\t\n\t\t\t\t\n\t\t\t\t\n\t\t\t\t<div class=\"et_pb_text_inner\"><p>At <strong>EXE ARCHITECTURE<\/strong>, our professional trajectory is marked by our origins and the connections we have forged over the years. We began our journey by studying together at university. It all started in 1994, in the Aviny\u00f3 studio on Leon XIII, before we eventually moved to Aribau.<\/p>\n<p>From this location, we took the plunge and established our activity in Poblanou in Barcelona, where Elisabeth Sadurn\u00ed, Marc Obrad\u00f3, and Jaume Valor founded the company <strong>EXE ARQUITECTURA<\/strong> in Barcelona Activa in 2004. This step marked the beginning of an exciting platform for our creativity and collaboration. Over more than 25 years, we have had the privilege of participating in large, innovative projects as well as collaborating with prominent engineering firms and companies: Bernuz Fernandez, Other Structures, L3J, ARCbcn, Green Living Projects, Societat Organica, Aiguasol, SJ12, and many more have been valued partners in the execution of our projects.<\/p>\n<p>Along the way, we have also experienced moments of difficult and profound transformation. Since the start of the real estate crisis in 2008 and the years that followed, we have undergone a difficult journey with very tough moments both emotionally and financially. Among other things, we were forced to break up the team and Jaume Valor left the company. Finally, Elisabeth Sadurn\u00ed and Marc Obrad\u00f3, with the help of \u00d3scar Iba\u00f1ez and Ra\u00fcl Benitez, re-established the company and made it what it is today.<\/p>\n<p>We would like to thank all the people we have met along the way and who, in one way or another, have been part of our accumulated learning. Our thanks to all of them, from the bottom of our hearts.<\/p><\/div>\n\t\t\t<\/div>\n\t\t\t<\/div>\n\t\t\t\t\n\t\t\t\t\n\t\t\t\t\n\t\t\t\t\n\t\t\t<\/div>\n\t\t\t\t\n\t\t\t\t\n\t\t\t<\/div><div class=\"et_d4_element et_pb_section et_pb_section_4  et_pb_css_mix_blend_mode et_section_regular et_block_section\" >\n\t\t\t\t\n\t\t\t\t\n\t\t\t\t\n\t\t\t\t\n\t\t\t\t\n\t\t\t\t\n\t\t\t\t<div class=\"et_d4_element et_pb_row et_pb_row_6  et_pb_css_mix_blend_mode et_block_row\">\n\t\t\t\t<div class=\"et_d4_element et_pb_column_4_4 et_pb_column et_pb_column_7  et_pb_css_mix_blend_mode et-last-child et_block_column\">\n\t\t\t\t\n\t\t\t\t\n\t\t\t\t\n\t\t\t\t\n\t\t\t\t<div class=\"et_pb_module et_d4_element et_pb_text et_pb_text_10  et_pb_text_align_left et_pb_bg_layout_light\">\n\t\t\t\t\n\t\t\t\t\n\t\t\t\t\n\t\t\t\t\n\t\t\t\t<div class=\"et_pb_text_inner\"><h2><strong><span>Our present-future<\/span><\/strong><\/h2><\/div>\n\t\t\t<\/div>\n\t\t\t<\/div>\n\t\t\t\t\n\t\t\t\t\n\t\t\t\t\n\t\t\t\t\n\t\t\t<\/div><div class=\"et_d4_element et_pb_row et_pb_row_7  et_pb_css_mix_blend_mode et_block_row\">\n\t\t\t\t<div class=\"et_d4_element et_pb_column_4_4 et_pb_column et_pb_column_8  et_pb_css_mix_blend_mode et-last-child et_block_column\">\n\t\t\t\t\n\t\t\t\t\n\t\t\t\t\n\t\t\t\t\n\t\t\t\t<div class=\"et_pb_module et_d4_element et_pb_text et_pb_text_11  et_pb_text_align_left et_pb_bg_layout_light\">\n\t\t\t\t\n\t\t\t\t\n\t\t\t\t\n\t\t\t\t\n\t\t\t\t<div class=\"et_pb_text_inner\"><p>Our vision is what drives us towards a working model in which companies and people collaborate in an environment of shared values.<\/p>\n<p>We want to create a solid foundation to inspire, align, and communicate a unique and distinctive identity that supports the objectives of each project and also those of all the people and agents involved, thus creating solid and successful projects while generating strong, true relationships.<\/p>\n<p>At <strong>EXE ARCHITECTURE<\/strong>, we strive to reinforce our values of sustainability and health Our vision and mission are focused on creating spaces that improve quality of life, embracing regenerative architecture in the future and adopting innovative solutions. We are committed to executing projects that respect the environment and promote people\u2019s health and well-being.<\/p>\n<p>To achieve these ambitious goals, we will rely on Systemic Facilitation (SF) and thank Bugui Garc\u00eda for his contribution. We hope to walk the path together with him, as well as with Laura Obrad\u00f3 and other committed colleagues. We also thank Emmanuel Pauwels for his contribution. He has been present throughout our journey and will continue to be a part of it, leading regenerative architecture projects.<\/p>\n<p>Welcome to <strong>EXE ARCHITECTURE<\/strong>, where our professional trajectory is marked by collaboration, innovation, and the constant search for a healthier, more sustainable future. <br \/>Together, we will build a better world.<\/p><\/div>\n\t\t\t<\/div>\n\t\t\t<\/div>\n\t\t\t\t\n\t\t\t\t\n\t\t\t\t\n\t\t\t\t\n\t\t\t<\/div>\n\t\t\t\t\n\t\t\t\t\n\t\t\t<\/div><\/p>\n","protected":false},"excerpt":{"rendered":"","protected":false},"author":2,"featured_media":0,"parent":0,"menu_order":0,"comment_status":"closed","ping_status":"closed","template":"","meta":{"_acf_changed":false,"_et_pb_use_builder":"on","_et_pb_old_content":"","_et_gb_content_width":"","footnotes":""},"class_list":["post-3101","page","type-page","status-publish","hentry"],"acf":[],"yoast_head":"<!-- This site is optimized with the Yoast SEO plugin v27.4 - https:\/\/yoast.com\/product\/yoast-seo-wordpress\/ -->\n<title>Architecture projects in Cabrils | EXE Arquitectura<\/title>\n<meta name=\"description\" content=\"Creamos espacios que mejoran la calidad de vida mediante la arquitectura regenerativa. \u00a1En busca de un futuro sostenible! | EXE Arquitectura \u260e\ufe0f +34 932 008 035\" \/>\n<meta name=\"robots\" content=\"index, follow, max-snippet:-1, max-image-preview:large, max-video-preview:-1\" \/>\n<link rel=\"canonical\" href=\"https:\/\/exearquitectura.com\/en\/manifesto\/\" \/>\n<meta property=\"og:locale\" content=\"en_US\" \/>\n<meta property=\"og:type\" content=\"article\" \/>\n<meta property=\"og:title\" content=\"Architecture projects in Cabrils | EXE Arquitectura\" \/>\n<meta property=\"og:description\" content=\"Creamos espacios que mejoran la calidad de vida mediante la arquitectura regenerativa. \u00a1En busca de un futuro sostenible! | EXE Arquitectura \u260e\ufe0f +34 932 008 035\" \/>\n<meta property=\"og:url\" content=\"https:\/\/exearquitectura.com\/en\/manifesto\/\" \/>\n<meta property=\"og:site_name\" content=\"exearquitectura\" \/>\n<meta property=\"article:modified_time\" content=\"2024-04-12T07:31:32+00:00\" \/>\n<meta name=\"twitter:card\" content=\"summary_large_image\" \/>\n<meta name=\"twitter:label1\" content=\"Est. reading time\" \/>\n\t<meta name=\"twitter:data1\" content=\"9 minutes\" \/>\n<script type=\"application\/ld+json\" class=\"yoast-schema-graph\">{\"@context\":\"https:\\\/\\\/schema.org\",\"@graph\":[{\"@type\":\"WebPage\",\"@id\":\"https:\\\/\\\/exearquitectura.com\\\/en\\\/manifesto\\\/\",\"url\":\"https:\\\/\\\/exearquitectura.com\\\/en\\\/manifesto\\\/\",\"name\":\"Architecture projects in Cabrils | EXE Arquitectura\",\"isPartOf\":{\"@id\":\"https:\\\/\\\/exearquitectura.com\\\/#website\"},\"datePublished\":\"2023-07-20T06:30:03+00:00\",\"dateModified\":\"2024-04-12T07:31:32+00:00\",\"description\":\"Creamos espacios que mejoran la calidad de vida mediante la arquitectura regenerativa. \u00a1En busca de un futuro sostenible! | EXE Arquitectura \u260e\ufe0f +34 932 008 035\",\"breadcrumb\":{\"@id\":\"https:\\\/\\\/exearquitectura.com\\\/en\\\/manifesto\\\/#breadcrumb\"},\"inLanguage\":\"en-US\",\"potentialAction\":[{\"@type\":\"ReadAction\",\"target\":[\"https:\\\/\\\/exearquitectura.com\\\/en\\\/manifesto\\\/\"]}]},{\"@type\":\"BreadcrumbList\",\"@id\":\"https:\\\/\\\/exearquitectura.com\\\/en\\\/manifesto\\\/#breadcrumb\",\"itemListElement\":[{\"@type\":\"ListItem\",\"position\":1,\"name\":\"Portada\",\"item\":\"https:\\\/\\\/exearquitectura.com\\\/\"},{\"@type\":\"ListItem\",\"position\":2,\"name\":\"Manifesto\"}]},{\"@type\":\"WebSite\",\"@id\":\"https:\\\/\\\/exearquitectura.com\\\/#website\",\"url\":\"https:\\\/\\\/exearquitectura.com\\\/\",\"name\":\"exearquitectura\",\"description\":\"Building a better tomorrow today\",\"potentialAction\":[{\"@type\":\"SearchAction\",\"target\":{\"@type\":\"EntryPoint\",\"urlTemplate\":\"https:\\\/\\\/exearquitectura.com\\\/?s={search_term_string}\"},\"query-input\":{\"@type\":\"PropertyValueSpecification\",\"valueRequired\":true,\"valueName\":\"search_term_string\"}}],\"inLanguage\":\"en-US\"}]}<\/script>\n<!-- \/ Yoast SEO plugin. -->","yoast_head_json":{"title":"Architecture projects in Cabrils | EXE Arquitectura","description":"Creamos espacios que mejoran la calidad de vida mediante la arquitectura regenerativa. \u00a1En busca de un futuro sostenible! | EXE Arquitectura \u260e\ufe0f +34 932 008 035","robots":{"index":"index","follow":"follow","max-snippet":"max-snippet:-1","max-image-preview":"max-image-preview:large","max-video-preview":"max-video-preview:-1"},"canonical":"https:\/\/exearquitectura.com\/en\/manifesto\/","og_locale":"en_US","og_type":"article","og_title":"Architecture projects in Cabrils | EXE Arquitectura","og_description":"Creamos espacios que mejoran la calidad de vida mediante la arquitectura regenerativa. \u00a1En busca de un futuro sostenible! | EXE Arquitectura \u260e\ufe0f +34 932 008 035","og_url":"https:\/\/exearquitectura.com\/en\/manifesto\/","og_site_name":"exearquitectura","article_modified_time":"2024-04-12T07:31:32+00:00","twitter_card":"summary_large_image","twitter_misc":{"Est. reading time":"9 minutes"},"schema":{"@context":"https:\/\/schema.org","@graph":[{"@type":"WebPage","@id":"https:\/\/exearquitectura.com\/en\/manifesto\/","url":"https:\/\/exearquitectura.com\/en\/manifesto\/","name":"Architecture projects in Cabrils | EXE Arquitectura","isPartOf":{"@id":"https:\/\/exearquitectura.com\/#website"},"datePublished":"2023-07-20T06:30:03+00:00","dateModified":"2024-04-12T07:31:32+00:00","description":"Creamos espacios que mejoran la calidad de vida mediante la arquitectura regenerativa. \u00a1En busca de un futuro sostenible! | EXE Arquitectura \u260e\ufe0f +34 932 008 035","breadcrumb":{"@id":"https:\/\/exearquitectura.com\/en\/manifesto\/#breadcrumb"},"inLanguage":"en-US","potentialAction":[{"@type":"ReadAction","target":["https:\/\/exearquitectura.com\/en\/manifesto\/"]}]},{"@type":"BreadcrumbList","@id":"https:\/\/exearquitectura.com\/en\/manifesto\/#breadcrumb","itemListElement":[{"@type":"ListItem","position":1,"name":"Portada","item":"https:\/\/exearquitectura.com\/"},{"@type":"ListItem","position":2,"name":"Manifesto"}]},{"@type":"WebSite","@id":"https:\/\/exearquitectura.com\/#website","url":"https:\/\/exearquitectura.com\/","name":"exearquitectura","description":"Building a better tomorrow today","potentialAction":[{"@type":"SearchAction","target":{"@type":"EntryPoint","urlTemplate":"https:\/\/exearquitectura.com\/?s={search_term_string}"},"query-input":{"@type":"PropertyValueSpecification","valueRequired":true,"valueName":"search_term_string"}}],"inLanguage":"en-US"}]}},"_links":{"self":[{"href":"https:\/\/exearquitectura.com\/en\/wp-json\/wp\/v2\/pages\/3101","targetHints":{"allow":["GET"]}}],"collection":[{"href":"https:\/\/exearquitectura.com\/en\/wp-json\/wp\/v2\/pages"}],"about":[{"href":"https:\/\/exearquitectura.com\/en\/wp-json\/wp\/v2\/types\/page"}],"author":[{"embeddable":true,"href":"https:\/\/exearquitectura.com\/en\/wp-json\/wp\/v2\/users\/2"}],"replies":[{"embeddable":true,"href":"https:\/\/exearquitectura.com\/en\/wp-json\/wp\/v2\/comments?post=3101"}],"version-history":[{"count":11,"href":"https:\/\/exearquitectura.com\/en\/wp-json\/wp\/v2\/pages\/3101\/revisions"}],"predecessor-version":[{"id":3735,"href":"https:\/\/exearquitectura.com\/en\/wp-json\/wp\/v2\/pages\/3101\/revisions\/3735"}],"wp:attachment":[{"href":"https:\/\/exearquitectura.com\/en\/wp-json\/wp\/v2\/media?parent=3101"}],"curies":[{"name":"wp","href":"https:\/\/api.w.org\/{rel}","templated":true}]}}