{"id":2941,"date":"2022-03-28T12:15:16","date_gmt":"2022-03-28T10:15:16","guid":{"rendered":"https:\/\/exearquitectura.com\/politica-de-privacitat\/"},"modified":"2023-10-16T16:42:10","modified_gmt":"2023-10-16T14:42:10","slug":"politica-de-privacitat","status":"publish","type":"page","link":"https:\/\/exearquitectura.com\/ca\/politica-de-privacitat\/","title":{"rendered":"Pol\u00edtica de privacitat"},"content":{"rendered":"<p><div class=\"et_d4_element et_pb_section et_pb_section_0 et_pb_with_background  et_pb_css_mix_blend_mode et_section_regular et_block_section\" >\n\t\t\t\t\n\t\t\t\t\n\t\t\t\t\n\t\t\t\t\n\t\t\t\t\n\t\t\t\t\n\t\t\t\t<div class=\"et_d4_element et_pb_row et_pb_row_0  et_pb_css_mix_blend_mode et_block_row\">\n\t\t\t\t<div class=\"et_d4_element et_pb_column_4_4 et_pb_column et_pb_column_0  et_pb_css_mix_blend_mode et-last-child et_block_column\">\n\t\t\t\t\n\t\t\t\t\n\t\t\t\t\n\t\t\t\t\n\t\t\t\t<div class=\"et_pb_module et_d4_element et_pb_text et_pb_text_0  et_pb_text_align_left et_pb_bg_layout_light\">\n\t\t\t\t\n\t\t\t\t\n\t\t\t\t\n\t\t\t\t\n\t\t\t\t<div class=\"et_pb_text_inner\"><h1>Pol\u00edtica de Privacitat<\/h1><\/div>\n\t\t\t<\/div>\n\t\t\t<\/div>\n\t\t\t\t\n\t\t\t\t\n\t\t\t\t\n\t\t\t\t\n\t\t\t<\/div>\n\t\t\t\t\n\t\t\t\t\n\t\t\t<\/div><div class=\"et_d4_element et_pb_section et_pb_section_1  et_pb_css_mix_blend_mode et_section_regular et_block_section\" >\n\t\t\t\t\n\t\t\t\t\n\t\t\t\t\n\t\t\t\t\n\t\t\t\t\n\t\t\t\t\n\t\t\t\t<div class=\"et_d4_element et_pb_row et_pb_row_1  et_pb_css_mix_blend_mode et_block_row\">\n\t\t\t\t<div class=\"et_d4_element et_pb_column_4_4 et_pb_column et_pb_column_1  et_pb_css_mix_blend_mode et-last-child et_block_column\">\n\t\t\t\t\n\t\t\t\t\n\t\t\t\t\n\t\t\t\t\n\t\t\t\t<div class=\"et_pb_module et_d4_element et_pb_text et_pb_text_1  et_pb_text_align_left et_pb_bg_layout_light\">\n\t\t\t\t\n\t\t\t\t\n\t\t\t\t\n\t\t\t\t\n\t\t\t\t<div class=\"et_pb_text_inner\"><p>A l'efecte del previst en el Reglament (UE) 2016\/679, del Parlament Europeu i del Consell, de 27 d'abril del 2016, EXE ARQUITECTURA BARCELONA SLP (ara en endavant, el Responsable) amb NIF B63630776 informa a l'Usuari que les seves dades de car\u00e0cter personal seran tractades amb la finalitat de prestar-li els serveis sol\u00b7licitats i enviar-li la informaci\u00f3 sobre la nostra empresa que pugui ser del seu inter\u00e8s.<\/p>\n<p><strong>Responsable del tractament<\/strong><br \/>L' empresa responsable del tractament de les seves dades en virtut d' aquesta Pol\u00edtica de Privacitat \u00e9s:<\/p>\n<p>EXE ARQUITECTURA BARCELONA SLP<br \/>NIF: B63630776<br \/>Adre\u00e7a: C\/ CLAVELLS 12 08348 CABRILS - BARCELONA<br \/>Adre\u00e7a de correu electr\u00f2nic: adm@exearquitectura.com<br \/>Web: www.exearquitectura.com<br \/>Tel\u00e8fon: 932008035<\/p>\n<p><strong>Base jur\u00eddica del tractament<\/strong><br \/>El RESPONSABLE tractar\u00e0 les dades personals de l'usuari en base al consentiment expr\u00e9s que aquest atorga una vegada llegida la Pol\u00edtica de privacitat, en atenci\u00f3 a l'article 6.1.a) Reglament UE 2016\/679 de Protecci\u00f3 de dades personals.<\/p>\n<p><strong>Tramesa i registre de dades de car\u00e0cter personal<\/strong><br \/>La tramesa de dades de car\u00e0cter personal \u00e9s obligat\u00f2ria per contactar i rebre informaci\u00f3 sobre els serveis prestats pel Responsable. Aix\u00ed mateix, no facilitar les dades personals sol\u00b7licitades o el no acceptar la present pol\u00edtica de protecci\u00f3 de dades suposa la impossibilitat de subscriure's, registrar-se o rebre informaci\u00f3 d'aquests serveis.<\/p>\n<p>Quan les dades de car\u00e0cter personal siguin obtingudes de l' afectat a trav\u00e9s de xarxes de comunicacions electr\u00f2niques o en el marc de la prestaci\u00f3 d' un servei de la societat de la informaci\u00f3, aix\u00ed com en aquells altres sup\u00f2sits expressament establerts per la llei o quan aix\u00ed ho autoritzi l' Ag\u00e8ncia Espanyola de Protecci\u00f3 de Dades,  el responsable del tractament podr\u00e0 donar compliment al deure d'informaci\u00f3 establert a l'article 13 del Reglament (UE) 2016\/679 facilitant a l'afectat la informaci\u00f3 b\u00e0sica seg\u00fcent:<\/p>\n<p>a) La identitat del responsable del tractament i del seu representant, si s' escau.<br \/>b) La finalitat del tractament.<br \/>c) La manera com l'afectat podr\u00e0 exercitar els drets establerts als articles 15 a 22 del Reglament (UE) 2016\/679.<\/p>\n<p>No obstant aix\u00f2, els responsables i encarregats del tractament o, si s'escau, els seus representants hauran de mantenir el registre d'activitats de tractament a qu\u00e8 es refereix l'article 30 del Reglament (UE) 2016\/679, llevat que l'empresa o organitzaci\u00f3 ocupin menys de 250 persones, amb l'excepci\u00f3 que el tractament que realitzi pugui suposar un risc per als drets i llibertats dels interessats,  no sigui ocasional, o inclogui categories especials de dades personals indicades a l'article 9, apartat 1, o dades personals relatives a condemnes i infraccions penals a qu\u00e8 es refereix l'article 10 del Reglament (UE) 2016\/679.<\/p>\n<p>Finalment, l'article 5.1.f) del Reglament (UE) 2016\/679 determina la necessitat d'establir garanties de seguretat adequades contra el tractament no autoritzat o il\u00b7l\u00edcit, contra la p\u00e8rdua de les dades personals, la destrucci\u00f3 o el dany accidental. Aix\u00f2 implica l'establiment de mesures t\u00e8cniques i organitzatives encaminades a assegurar la integritat i confidencialitat de les dades personals i la possibilitat (article 5.2) de demostrar que aquestes mesures s'han portat a la pr\u00e0ctica (responsabilitat proactiva).<\/p>\n<p><strong>Cessi\u00f3 o comunicaci\u00f3 de dades personals i transfer\u00e8ncies internacionals<br \/><\/strong>El responsable no cedir\u00e0 les dades personals a tercers. No obstant aix\u00f2, en el cas de ser cedits a algun tercer es produiria una informaci\u00f3 pr\u00e8via sol\u00b7licitant el consentiment expr\u00e9s de l'afectat en virtut de l'article 4.11 del Reglament (UE) 2016\/679 de 27 d'abril del 2016.<\/p>\n<p>No estan previstes transfer\u00e8ncies de dades a tercers pa\u00efsos.<\/p>\n<p><strong>Exactitud i veracitat de les dades facilitades.<\/strong><br \/>L'Usuari que envia la informaci\u00f3 al Responsable \u00e9s l'\u00fanic responsable de la veracitat i correcci\u00f3 de les dades incloses, exonerant-se el Responsable de qualsevol responsabilitat sobre aquest tema.<\/p>\n<p>Els usuaris garanteixen i responen, en qualsevol cas, de l' exactitud, vig\u00e8ncia i autenticitat de les dades personals facilitades, i es comprometen a mantenir-les degudament actualitzades. L'Usuari accepta proporcionar informaci\u00f3 completa i correcta en el formulari de registre o subscripci\u00f3.<\/p>\n<p>El responsable no respon de la veracitat de les informacions que no siguin d' elaboraci\u00f3 pr\u00f2pia i de les quals s' indiqui una altra font, per la qual cosa tampoc assumeix cap responsabilitat quant a hipot\u00e8tics perjudicis que poguessin originar-se per l' \u00fas d' aquesta informaci\u00f3. S' exonera el responsable de responsabilitat davant qualsevol dany o perjudici que pogu\u00e9s patir l' Usuari com a conseq\u00fc\u00e8ncia d' errors, defectes o omissions, en la informaci\u00f3 facilitada pel Responsable sempre que procedeixi de fonts alienes al Responsable.<\/p>\n<p><strong>Conservaci\u00f3 de les dades<\/strong><br \/>En qualsevol cas, el temps de conservaci\u00f3 ser\u00e0 l' indispensable, havent-se de mantenir com a m\u00ednim:<\/p>\n<p>\u2022 4 anys: Llei sobre Infraccions i Sancions en l'Ordre Social (obligacions en mat\u00e8ria d'afiliaci\u00f3, altes, baixes, cotitzaci\u00f3, pagament de salaris...); Arts. 66 i sig. Llei General Tribut\u00e0ria (llibres de comptabilitat...)<br \/>\u2022 5 anys: Art. 1964 Codi Civil (accions personals sense termini especial)<br \/>\u2022 6 anys: Art. 30 Codi de Comer\u00e7 (llibres de comptabilitat, factures...)<br \/>\u2022 10 anys: Art. 25 Llei de Prevenci\u00f3 del Blanqueig de Capitals i Finan\u00e7ament del Terrorisme.<\/p>\n<p><strong>Exercici de drets d' acc\u00e9s, rectificaci\u00f3, supressi\u00f3, limitaci\u00f3, portabilitat i oposici\u00f3<\/strong><br \/>Podr\u00e0 dirigir les seves comunicacions i exercitar els drets d'acc\u00e9s, rectificaci\u00f3, supressi\u00f3, limitaci\u00f3, portabilitat i oposici\u00f3 a trav\u00e9s de correu postal al Responsable C\/ CLAVELLS 12 08348 CABRILS - BARCELONA o a l'email: adm@exearquitectura.com juntament amb prova v\u00e0lida en dret, com a fotoc\u00f2pia del D.N.I. i indicant en l'assumpte \"PROTECCI\u00d3 DE DADES\".<\/p>\n<p>Aix\u00ed mateix, pot adre\u00e7ar-se a l' Autoritat de Control en mat\u00e8ria de Protecci\u00f3 de Dades competent per obtenir informaci\u00f3 addicional o presentar una reclamaci\u00f3<\/p>\n<p><strong>Acceptaci\u00f3 i consentiment<\/strong><br \/>L'Usuari declara haver estat informat de les condicions sobre protecci\u00f3 de dades de car\u00e0cter personal, acceptant i consentint el tractament de les mateixes per part del Responsable, en la forma i per a les finalitats indicades en la present Pol\u00edtica de Protecci\u00f3 de Dades Personals.<\/p>\n<p><strong>Canvis en la present pol\u00edtica de privacitat.<\/strong><br \/>El Responsable es reserva el dret a modificar la present pol\u00edtica per adaptar-la a novetats legislatives o jurisprudencials, aix\u00ed com a pr\u00e0ctiques de la ind\u00fastria. En aquests sup\u00f2sits, el Responsable anunciar\u00e0 en aquesta p\u00e0gina els canvis introdu\u00efts amb raonable antelaci\u00f3 a la seva posada en pr\u00e0ctica.<\/p>\n<p><strong>* RECAPTCHA<\/strong><br \/>Utilitzem el servei reCAPTCHA de Google Inc. (Google, ara endavant) per protegir les dades enviades a trav\u00e9s dels formularis de les p\u00e0gines dels nostres usuaris. Aquest servei permet diferenciar les dades enviades per persones dels missatges automatitzats i suposa la transmissi\u00f3 de l'adre\u00e7a IP i altres dades requerides per Google per a l'\u00fas del servei reCAPTCHA. Amb aquesta finalitat, les dades seran transmeses a Google per poder ser utilitzades. L'adre\u00e7a IP ser\u00e0 encriptada per Google als estats membres de la Uni\u00f3 Europea aix\u00ed com als estats associats a l'espai econ\u00f2mic europeu. Nom\u00e9s en alguns casos excepcionals, les adreces IP seran transmeses al servidor de Google als Estats Units per a la seva encriptaci\u00f3. En nom del propietari d'aquest lloc web, Google ha d'utilitzar aquestes informacions per avaluar l'\u00fas del servei per part dels usuaris. L'adre\u00e7a IP transmesa per reCAPTCHA es mantindr\u00e0 separada d'altres dades de Google. Per a aquestes dades \u00e9s v\u00e0lida la pol\u00edtica de privacitat de Google. Tots els detalls sobre la pol\u00edtica de privacitat de Google es poden llegir a la p\u00e0gina <a href=\"https:\/\/www.google.com\/intl\/es\/policies\/privacy\/\">https:\/\/www.google.com\/intl\/es\/policies\/privacy\/<\/a><\/p>\n<p>En utilitzar el servei reCAPTCHA, l'usuari consent el tractament de les dades sobre ell de qu\u00e8 Google disposa en la forma i prop\u00f2sits a dalt establerts.<\/p>\n<p><strong>POL\u00cdTICA DE PRIVACITAT XARXES SOCIALS<br \/><\/strong>En compliment del Reglament (UE) 2016\/679, de 27 d'abril del 2016 (RGPD) i la Llei 34\/2002, d'11 de juliol, de Serveis de la Societat de la Informaci\u00f3 i de Comer\u00e7 Electr\u00f2nic (LSSI-CE), EXE ARQUITECTURA BARCELONA SLP (ara en endavant, el Responsable) informa els usuaris, que ha procedit a crear un perfil a la Xarxa Social Linkedin amb la finalitat principal de publicitar els seus productes i serveis.<\/p>\n<p>Datos de EXE ARQUITECTURA BARCELONA SLP<br \/>NIF: B63630776<br \/>Adre\u00e7a: C\/ CLAVELLS 12 08348 CABRILS - BARCELONA<br \/>Tel\u00e8fon: 932008035<br \/>Email: adm@exearquitectura.com<br \/>P\u00e0gina web: <a href=\"http:\/\/www.exearquitectura.com\">www.exearquitectura.com<\/a><\/p>\n<p>L'usuari disposa d'un perfil a la mateixa Xarxa Social i ha decidit unir-se a la p\u00e0gina creada pel Responsable, mostrant aix\u00ed inter\u00e8s en la informaci\u00f3 que es publiciti a la Xarxa. En unir-se a la nostra p\u00e0gina, ens facilita el seu consentiment per al tractament d'aquelles dades personals publicades en el seu perfil.<\/p>\n<p>L'usuari pot accedir en tot moment a les pol\u00edtiques de privacitat de la pr\u00f2pia Xarxa Social, aix\u00ed com configurar el seu perfil per garantir la seva privacitat.<\/p>\n<p>El Responsable t\u00e9 acc\u00e9s i tracta aquella informaci\u00f3 p\u00fablica de l' usuari, en especial, el seu nom de contacte. Aquestes dades, nom\u00e9s s\u00f3n utilitzades dins de la mateixa Xarxa Social. No s\u00f3n incorporats a cap fitxer.<\/p>\n<p>En relaci\u00f3 als drets d'acc\u00e9s, rectificaci\u00f3, supressi\u00f3, limitaci\u00f3, portabilitat i oposici\u00f3, dels quals vost\u00e8 disposa i que poden ser exercitats davant el Responsable, d'acord amb el Reglament (UE) 2016\/679, ha de tenir en compte els seg\u00fcents matisos:<\/p>\n<p>* Acc\u00e9s: Vindr\u00e0 definit per la funcionalitat de la Xarxa Social i la capacitat d' acc\u00e9s a la informaci\u00f3 dels perfils dels usuaris.<br \/>* Rectificaci\u00f3: Nom\u00e9s podr\u00e0 satisfer-se en relaci\u00f3 a aquella informaci\u00f3 que es trobi sota el control del Responsable, per exemple, eliminar comentaris publicats a la pr\u00f2pia p\u00e0gina. Normalment, aquest dret l' haur\u00e0 d' exercir davant la Xarxa Social.<br \/>*Cancel\u00b7laci\u00f3 i\/o Oposici\u00f3: Com en el cas anterior, nom\u00e9s podr\u00e0 satisfer-se en relaci\u00f3 a aquella informaci\u00f3 que es trobi sota el control del Responsable, per exemple, deixar d'estar unit al perfil.<br \/>* Portabilitat: es preveu la possibilitat de transmetre les dades d' un responsable a un altre, per la qual cosa l' interessat tindr\u00e0 dret que les seves dades personals es transmetin directament quan siguin t\u00e8cnicament possible.<br \/>*Limitaci\u00f3: Es tracta d'una mesura cautelar que redueix el tractament de les dades personals a la conservaci\u00f3.<\/p>\n<p>Els sup\u00f2sits en qu\u00e8 l' interessat tindr\u00e0 dret a obtenir del responsable del tractament la limitaci\u00f3 del tractament de les dades est\u00e0 taxada per la norma i s\u00f3n:<\/p>\n<p>-Quan l' interessat impugni l' exactitud de les dades personals, durant un termini que permeti al responsable verificar-ne l' exactitud.<br \/>-Quan el tractament sigui il\u00b7l\u00edcit i l'interessat s'oposi a la supressi\u00f3 de les dades personals i sol\u00b7liciti en el seu lloc la limitaci\u00f3 del seu \u00fas.<br \/>-Quan el responsable ja no necessiti les dades personals per a les finalitats del tractament, per\u00f2 l' interessat les necessiti per a la formulaci\u00f3, l' exercici o la defensa de reclamacions.<br \/>-Quan l' interessat s' hagi oposat al tractament exercitant el seu dret d' oposici\u00f3, mentre es verifica si els motius leg\u00edtims del responsable prevalen sobre els de l' interessat.<\/p>\n<p>El responsable realitzar\u00e0 les seg\u00fcents actuacions:<\/p>\n<p>\u2022Acc\u00e9s a la informaci\u00f3 p\u00fablica del perfil.<br \/>\u2022Publicaci\u00f3 en el perfil de l'usuari de tota aquella informaci\u00f3 ja publicada a la p\u00e0gina del Responsable.<br \/>\u2022Enviar missatges personals i individuals a trav\u00e9s dels canals de la Xarxa Social.<br \/>\u2022Actualitzacions de l'estat de la p\u00e0gina que es publicaran en el perfil de l'usuari.<\/p>\n<p>L'usuari sempre pot controlar les seves connexions, eliminar els continguts que deixin d'interessar-lo i restringir amb qui comparteix les seves connexions, per aix\u00f2 haur\u00e0 d'accedir a la seva configuraci\u00f3 de privacitat.<\/p>\n<p><strong>Publicacions<\/strong><br \/>L'usuari, una vegada unit a la p\u00e0gina del Responsable, podr\u00e0 publicar en aquesta \u00faltima comentaris, enlla\u00e7os, imatges o fotografies o qualsevol altre tipus de contingut multim\u00e8dia suportat per la Xarxa Social. L'usuari, en tots els casos, n'ha de ser el titular, gaudir dels drets d'autor i de propietat intel\u00b7lectual o comptar amb el consentiment dels tercers afectats. Es prohibeix expressament qualsevol publicaci\u00f3 a la p\u00e0gina, ja siguin textos, gr\u00e0fics, fotografies, v\u00eddeos, etc. que atemptin o siguin susceptibles d'atemptar contra la moral, l'\u00e8tica, el bon gust o el dec\u00f2rum, i\/o que infringeixin, violin o trenquin els drets de propietat intel\u00b7lectual o industrial, el dret a la imatge o la Llei. En aquests casos, el Responsable es reserva el dret a retirar immediatament el contingut, podent sol\u00b7licitar el bloqueig permanent de l'usuari.<\/p>\n<p>El Responsable no es far\u00e0 responsable dels continguts que lliurement ha publicat un usuari.<\/p>\n<p>L'usuari ha de tenir present que les seves publicacions seran conegudes pels altres usuaris, per la qual cosa ell mateix \u00e9s el principal responsable de la seva privacitat.<\/p>\n<p>Les imatges que es puguin publicar a la p\u00e0gina no seran emmagatzemades en cap fitxer per part del Responsable, per\u00f2 s\u00ed que romandran a la Xarxa Social.<\/p>\n<p><strong>Concursos i promocions<\/strong><br \/>El Responsable es reserva el dret a realitzar concursos i promocions, en els quals podr\u00e0 participar l' usuari unit a la seva p\u00e0gina. Les bases de cadascun d' ells, quan s' utilitzi per a aix\u00f2 la plataforma de la Xarxa Social, seran publicades en la mateixa. Complint sempre amb la LSSI-CE i amb qualsevol altra norma que li sigui d' aplicaci\u00f3.<\/p>\n<p>La Xarxa Social no patrocina, avala ni administra, de cap manera, cap de les nostres promocions, ni est\u00e0 associada a cap d'elles.<\/p>\n<p><strong>Publicitat<\/strong><br \/>El Responsable utilitzar\u00e0 la Xarxa Social per publicitar els seus productes i serveis, en tot cas, si decideix tractar les seves dades de contacte per realitzar accions directes de prospecci\u00f3 comercial, ser\u00e0 sempre, complint amb les exig\u00e8ncies legals del Reglament (UE) 2016\/679 i de la LSSI-CE.<\/p>\n<p>No es considerar\u00e0 publicitat el fet de recomanar a altres usuaris la p\u00e0gina del Responsable perqu\u00e8 tamb\u00e9 ells puguin gaudir de les promocions o estar informats de la seva activitat.<\/p>\n<p>A continuaci\u00f3, detallem l'enlla\u00e7 a la pol\u00edtica de privacitat de la Xarxa Social:<br \/>Linkedin, <a href=\"http:\/\/www.linkedin.com\/legal\/privacy-policy?trk=hb_ft_priv\">http:\/\/www.linkedin.com\/legal\/privacy-policy?trk=hb_ft_priv<\/a><\/p><\/div>\n\t\t\t<\/div>\n\t\t\t<\/div>\n\t\t\t\t\n\t\t\t\t\n\t\t\t\t\n\t\t\t\t\n\t\t\t<\/div>\n\t\t\t\t\n\t\t\t\t\n\t\t\t<\/div><\/p>\n","protected":false},"excerpt":{"rendered":"","protected":false},"author":2,"featured_media":0,"parent":0,"menu_order":0,"comment_status":"closed","ping_status":"closed","template":"","meta":{"_acf_changed":false,"_et_pb_use_builder":"on","_et_pb_old_content":"","_et_gb_content_width":"","footnotes":""},"class_list":["post-2941","page","type-page","status-publish","hentry"],"acf":[],"yoast_head":"<!-- This site is optimized with the Yoast SEO plugin v27.3 - https:\/\/yoast.com\/product\/yoast-seo-wordpress\/ -->\n<title>Pol\u00edtica de privacitat - exearquitectura<\/title>\n<meta name=\"robots\" content=\"index, follow, max-snippet:-1, max-image-preview:large, max-video-preview:-1\" \/>\n<link rel=\"canonical\" href=\"https:\/\/exearquitectura.com\/ca\/politica-de-privacitat\/\" \/>\n<meta property=\"og:locale\" content=\"ca_ES\" \/>\n<meta property=\"og:type\" content=\"article\" \/>\n<meta property=\"og:title\" content=\"Pol\u00edtica de privacitat - exearquitectura\" \/>\n<meta property=\"og:url\" content=\"https:\/\/exearquitectura.com\/ca\/politica-de-privacitat\/\" \/>\n<meta property=\"og:site_name\" content=\"exearquitectura\" \/>\n<meta property=\"article:modified_time\" content=\"2023-10-16T14:42:10+00:00\" \/>\n<meta name=\"twitter:card\" content=\"summary_large_image\" \/>\n<meta name=\"twitter:label1\" content=\"Temps estimat de lectura\" \/>\n\t<meta name=\"twitter:data1\" content=\"13 minuts\" \/>\n<script type=\"application\/ld+json\" class=\"yoast-schema-graph\">{\"@context\":\"https:\\\/\\\/schema.org\",\"@graph\":[{\"@type\":\"WebPage\",\"@id\":\"https:\\\/\\\/exearquitectura.com\\\/ca\\\/politica-de-privacitat\\\/\",\"url\":\"https:\\\/\\\/exearquitectura.com\\\/ca\\\/politica-de-privacitat\\\/\",\"name\":\"Pol\u00edtica de privacitat - exearquitectura\",\"isPartOf\":{\"@id\":\"https:\\\/\\\/exearquitectura.com\\\/#website\"},\"datePublished\":\"2022-03-28T10:15:16+00:00\",\"dateModified\":\"2023-10-16T14:42:10+00:00\",\"breadcrumb\":{\"@id\":\"https:\\\/\\\/exearquitectura.com\\\/ca\\\/politica-de-privacitat\\\/#breadcrumb\"},\"inLanguage\":\"ca\",\"potentialAction\":[{\"@type\":\"ReadAction\",\"target\":[\"https:\\\/\\\/exearquitectura.com\\\/ca\\\/politica-de-privacitat\\\/\"]}]},{\"@type\":\"BreadcrumbList\",\"@id\":\"https:\\\/\\\/exearquitectura.com\\\/ca\\\/politica-de-privacitat\\\/#breadcrumb\",\"itemListElement\":[{\"@type\":\"ListItem\",\"position\":1,\"name\":\"Portada\",\"item\":\"https:\\\/\\\/exearquitectura.com\\\/\"},{\"@type\":\"ListItem\",\"position\":2,\"name\":\"Pol\u00edtica de privacitat\"}]},{\"@type\":\"WebSite\",\"@id\":\"https:\\\/\\\/exearquitectura.com\\\/#website\",\"url\":\"https:\\\/\\\/exearquitectura.com\\\/\",\"name\":\"exearquitectura\",\"description\":\"Building a better tomorrow today\",\"potentialAction\":[{\"@type\":\"SearchAction\",\"target\":{\"@type\":\"EntryPoint\",\"urlTemplate\":\"https:\\\/\\\/exearquitectura.com\\\/?s={search_term_string}\"},\"query-input\":{\"@type\":\"PropertyValueSpecification\",\"valueRequired\":true,\"valueName\":\"search_term_string\"}}],\"inLanguage\":\"ca\"}]}<\/script>\n<!-- \/ Yoast SEO plugin. -->","yoast_head_json":{"title":"Pol\u00edtica de privacitat - exearquitectura","robots":{"index":"index","follow":"follow","max-snippet":"max-snippet:-1","max-image-preview":"max-image-preview:large","max-video-preview":"max-video-preview:-1"},"canonical":"https:\/\/exearquitectura.com\/ca\/politica-de-privacitat\/","og_locale":"ca_ES","og_type":"article","og_title":"Pol\u00edtica de privacitat - exearquitectura","og_url":"https:\/\/exearquitectura.com\/ca\/politica-de-privacitat\/","og_site_name":"exearquitectura","article_modified_time":"2023-10-16T14:42:10+00:00","twitter_card":"summary_large_image","twitter_misc":{"Temps estimat de lectura":"13 minuts"},"schema":{"@context":"https:\/\/schema.org","@graph":[{"@type":"WebPage","@id":"https:\/\/exearquitectura.com\/ca\/politica-de-privacitat\/","url":"https:\/\/exearquitectura.com\/ca\/politica-de-privacitat\/","name":"Pol\u00edtica de privacitat - exearquitectura","isPartOf":{"@id":"https:\/\/exearquitectura.com\/#website"},"datePublished":"2022-03-28T10:15:16+00:00","dateModified":"2023-10-16T14:42:10+00:00","breadcrumb":{"@id":"https:\/\/exearquitectura.com\/ca\/politica-de-privacitat\/#breadcrumb"},"inLanguage":"ca","potentialAction":[{"@type":"ReadAction","target":["https:\/\/exearquitectura.com\/ca\/politica-de-privacitat\/"]}]},{"@type":"BreadcrumbList","@id":"https:\/\/exearquitectura.com\/ca\/politica-de-privacitat\/#breadcrumb","itemListElement":[{"@type":"ListItem","position":1,"name":"Portada","item":"https:\/\/exearquitectura.com\/"},{"@type":"ListItem","position":2,"name":"Pol\u00edtica de privacitat"}]},{"@type":"WebSite","@id":"https:\/\/exearquitectura.com\/#website","url":"https:\/\/exearquitectura.com\/","name":"exearquitectura","description":"Building a better tomorrow today","potentialAction":[{"@type":"SearchAction","target":{"@type":"EntryPoint","urlTemplate":"https:\/\/exearquitectura.com\/?s={search_term_string}"},"query-input":{"@type":"PropertyValueSpecification","valueRequired":true,"valueName":"search_term_string"}}],"inLanguage":"ca"}]}},"_links":{"self":[{"href":"https:\/\/exearquitectura.com\/ca\/wp-json\/wp\/v2\/pages\/2941","targetHints":{"allow":["GET"]}}],"collection":[{"href":"https:\/\/exearquitectura.com\/ca\/wp-json\/wp\/v2\/pages"}],"about":[{"href":"https:\/\/exearquitectura.com\/ca\/wp-json\/wp\/v2\/types\/page"}],"author":[{"embeddable":true,"href":"https:\/\/exearquitectura.com\/ca\/wp-json\/wp\/v2\/users\/2"}],"replies":[{"embeddable":true,"href":"https:\/\/exearquitectura.com\/ca\/wp-json\/wp\/v2\/comments?post=2941"}],"version-history":[{"count":2,"href":"https:\/\/exearquitectura.com\/ca\/wp-json\/wp\/v2\/pages\/2941\/revisions"}],"predecessor-version":[{"id":2943,"href":"https:\/\/exearquitectura.com\/ca\/wp-json\/wp\/v2\/pages\/2941\/revisions\/2943"}],"wp:attachment":[{"href":"https:\/\/exearquitectura.com\/ca\/wp-json\/wp\/v2\/media?parent=2941"}],"curies":[{"name":"wp","href":"https:\/\/api.w.org\/{rel}","templated":true}]}}