{"id":2938,"date":"2022-03-30T07:36:52","date_gmt":"2022-03-30T05:36:52","guid":{"rendered":"https:\/\/exearquitectura.com\/politica-de-cookies\/"},"modified":"2023-10-26T17:20:07","modified_gmt":"2023-10-26T15:20:07","slug":"politica-de-cookies","status":"publish","type":"page","link":"https:\/\/exearquitectura.com\/ca\/politica-de-cookies\/","title":{"rendered":"Pol\u00edtica de cookies"},"content":{"rendered":"<p><div class=\"et_d4_element et_pb_section et_pb_section_0 et_pb_with_background  et_pb_css_mix_blend_mode et_section_regular et_block_section\" >\n\t\t\t\t\n\t\t\t\t\n\t\t\t\t\n\t\t\t\t\n\t\t\t\t\n\t\t\t\t\n\t\t\t\t<div class=\"et_d4_element et_pb_row et_pb_row_0  et_pb_css_mix_blend_mode et_block_row\">\n\t\t\t\t<div class=\"et_d4_element et_pb_column_4_4 et_pb_column et_pb_column_0  et_pb_css_mix_blend_mode et-last-child et_block_column\">\n\t\t\t\t\n\t\t\t\t\n\t\t\t\t\n\t\t\t\t\n\t\t\t\t<div class=\"et_pb_module et_d4_element et_pb_text et_pb_text_0  et_pb_text_align_left et_pb_bg_layout_light\">\n\t\t\t\t\n\t\t\t\t\n\t\t\t\t\n\t\t\t\t\n\t\t\t\t<div class=\"et_pb_text_inner\"><h1>Pol\u00edtica de cookies<\/h1><\/div>\n\t\t\t<\/div>\n\t\t\t<\/div>\n\t\t\t\t\n\t\t\t\t\n\t\t\t\t\n\t\t\t\t\n\t\t\t<\/div>\n\t\t\t\t\n\t\t\t\t\n\t\t\t<\/div><div class=\"et_d4_element et_pb_section et_pb_section_1  et_pb_css_mix_blend_mode et_section_regular et_block_section\" >\n\t\t\t\t\n\t\t\t\t\n\t\t\t\t\n\t\t\t\t\n\t\t\t\t\n\t\t\t\t\n\t\t\t\t<div class=\"et_d4_element et_pb_row et_pb_row_1  et_pb_css_mix_blend_mode et_block_row\">\n\t\t\t\t<div class=\"et_d4_element et_pb_column_4_4 et_pb_column et_pb_column_1  et_pb_css_mix_blend_mode et-last-child et_block_column\">\n\t\t\t\t\n\t\t\t\t\n\t\t\t\t\n\t\t\t\t\n\t\t\t\t<div class=\"et_pb_module et_d4_element et_pb_text et_pb_text_1  et_pb_text_align_left et_pb_bg_layout_light\">\n\t\t\t\t\n\t\t\t\t\n\t\t\t\t\n\t\t\t\t\n\t\t\t\t<div class=\"et_pb_text_inner\"><p><strong><u>POL\u00cdTICA DE COOKIES<\/u><\/strong><\/p>\n<p>EXE ARQUITECTURA BARCELONA SLP (ara endavant, el Responsable), a trav\u00e9s del present document, recull la seva Pol\u00edtica de recollida i tractament de cookies, en compliment del que disposa l'article 22.2 de la Llei 34\/2002, d\u201911 de juliol, de Serveis de la societat de la Informaci\u00f3 i de Comer\u00e7 Electr\u00f2nic (LSSI-CE).<\/p>\n<p>Les cookies s'emmagatzemen a l'equip terminal de l'usuari (ordinador o dispositiu m\u00f2bil) i recopilen informaci\u00f3 en visitar la p\u00e0gina web www.exearquitectura.com, amb la finalitat de millorar la usabilitat de la mateixa, con\u00e8ixer els h\u00e0bits o necessitats de navegaci\u00f3 dels usuaris per poder adaptar-se als mateixos, aix\u00ed com obtenir informaci\u00f3 amb fins estad\u00edstics. En el cas d'aquells usuaris que ja siguin clients de el Responsable, la informaci\u00f3 recollida amb les cookies servir\u00e0 tamb\u00e9 per a la seva identificaci\u00f3 en accedir a les diferents eines que el Responsable posa a la seva disposici\u00f3 per a la gesti\u00f3 dels serveis.<\/p>\n<p>La present Pol\u00edtica de cookies ser\u00e0 d'aplicaci\u00f3 a aquells usuaris que volunt\u00e0riament visitin les p\u00e0gines web de el Responsable, emplenin formularis de recollida de dades, accedeixin a les eines que el Responsable posa a disposici\u00f3 dels seus clients per a gestionar els seus serveis, o utilitzin qualsevol altre servei present en el lloc web que impliqui la comunicaci\u00f3 de dades al Responsable, o l'acc\u00e9s a dades pel Responsable per a la prestaci\u00f3 dels seus serveis.<\/p>\n<p>El Responsable informa els usuaris de les seves p\u00e0gines web, de l'exist\u00e8ncia de cookies i posa a la seva disposici\u00f3 la present Pol\u00edtica amb la finalitat d'informar-los sobre l'\u00fas i de l'objecte de les mateixes. El fet de continuar la navegaci\u00f3 a trav\u00e9s de les seves p\u00e0gines, suposa el coneixement i l'acceptaci\u00f3 de la present Pol\u00edtica per part d'aquests usuaris.<\/p>\n<p>El Responsable utilitza els seg\u00fcents tipus de cookies:<\/p>\n<p>Classificades segons la seva <u>titularitat<\/u>:<\/p>\n<p>*Cookies pr\u00f2pies: enviades i gestionades directament per el Responsable.<\/p>\n<p>*Cookies de tercers: enviades i gestionades per un tercer ali\u00e8 a el Responsable, de forma an\u00f2nima, amb la finalitat de realitzar estudis estad\u00edstics de navegaci\u00f3 per les p\u00e0gines web de el Responsable.<\/p>\n<p>Classificades segons la seva <u>finalitat<\/u>:<\/p>\n<p>*Cookies t\u00e8cniques i\/o de personalitzaci\u00f3: faciliten la navegaci\u00f3 en identificar la sessi\u00f3, permetre l'acc\u00e9s a eines d'acc\u00e9s restringit, a m\u00e9s de configurar a mida les opcions disponibles. Possibiliten la prestaci\u00f3 del servei sol\u2022licitat pr\u00e8viament per l'usuari.<\/p>\n<p>*Cookies d'an\u00e0lisi i\/o publicitat: permeten con\u00e8ixer el nombre de visites rebudes en les diferents seccions de les p\u00e0gines web, els h\u00e0bits i tend\u00e8ncies dels seus usuaris i en conseq\u00fc\u00e8ncia, poder millorar la navegaci\u00f3 i el servei ofert per el Responsable (fonamentalment, Google Analytics), aix\u00ed com gestionar els espais publicitaris inclosos en la p\u00e0gina web visitada per l'usuari. Recull dades de forma an\u00f2nima amb la finalitat d'obtenir perfils de navegaci\u00f3 dels usuaris.<\/p>\n<p>Classificades segons la seva <u>durada<\/u>:<\/p>\n<p>*Cookies de sessi\u00f3: recullen i emmagatzemen les dades mentre l'usuari accedeix a la p\u00e0gina web.<\/p>\n<p>*Cookies persistents: recapten i emmagatzemen les dades en el terminal de l'usuari durant un per\u00edode de temps variable en funci\u00f3 de quina sigui la finalitat per a la qual han estat utilitzades.<\/p>\n<p>El temps de conservaci\u00f3 de les cookies dependr\u00e0 del tipus de qu\u00e8 es tracti i sempre ser\u00e0 el m\u00ednim indispensable per complir la seva finalitat.<\/p>\n<p><strong>COOKIES UTILITZADES EN AQUEST LLOC WEB<\/strong><\/p>\n<p>Seguint les directrius de l'Ag\u00e8ncia Espanyola de Protecci\u00f3 de Dades procedim a detallar l'\u00fas de cookies que fa aquesta web per tal d'informar-lo amb la m\u00e0xima exactitud possible. Aquest lloc web utilitza les seg\u00fcents<span> <\/span><strong>cookies pr\u00f2pies:<\/strong><\/p>\n<p><strong><\/strong><\/p>\n<p class=\"p1\"><b>Compilanz (exearquitectura.com)<\/b><\/p>\n<ul class=\"ul1\">\n<li class=\"li1\"><span class=\"s1\"><\/span><b>cmplz_banner-estatus: <\/b>Cookie funcional. Funci\u00f3: Emmagatzemar si el banner de cookies ha estat descartat<\/li>\n<li class=\"li1\"><span class=\"s1\"><\/span><b>cmplz_consented_services: <\/b>Cookie funcional. Funci\u00f3: Guardar prefer\u00e8ncies del consentiment de cookies.<\/li>\n<li class=\"li1\"><span class=\"s1\"><\/span><b>cmplz_functional: <\/b>Cookie funcional. Funci\u00f3: per emmagatzemar l' ID de pol\u00edtica de cookies acceptat. 1 any.<\/li>\n<li class=\"li1\"><span class=\"s1\"><\/span><b>cmplz_marketing: <\/b>Cookie funcional. Funci\u00f3: per emmagatzemar prefer\u00e8ncies de consentiment de cookies. 1 any.<\/li>\n<li class=\"li1\"><span class=\"s1\"><\/span><b>cmplz_policy_id: <\/b>Cookie funcional. Funci\u00f3: per emmagatzemar l' ID de pol\u00edtica de cookies acceptat. 1 any<\/li>\n<li class=\"li1\"><span class=\"s1\"><\/span><b>cmplz_preferences: <\/b>Cookie funcional. Funci\u00f3: Guardar prefer\u00e8ncies del consentiment de cookies. 1 any.<\/li>\n<li class=\"li1\"><span class=\"s1\"><\/span><b>cmplz_statistics: <\/b>Cookie funcional. Funci\u00f3: Guardar prefer\u00e8ncies del consentiment de cookies. 1 any<\/li>\n<\/ul>\n<p>&nbsp;<\/p>\n<p>Aquest lloc web utilitza les <strong>seg\u00fcents<span> <\/span>cookies de tercers:<\/strong><strong><\/strong><\/p>\n<p><strong>Google Analytics<\/strong><\/p>\n<p><strong>_ga:<\/strong> Cookies d'estad\u00edstiques (An\u00f2nimes). Funci\u00f3: comptar i rastrejar visites a p\u00e0gina. Retenci\u00f3: 2 anys.<\/p>\n<p><strong><em>_<\/em> gid:<\/strong><span> <\/span>Cookies d'estad\u00edstiques (An\u00f2nimes). Funci\u00f3: comptar i rastrejar visites a p\u00e0gina. Retenci\u00f3: 1 dia.<\/p>\n<p><strong>_gat_gtag_UA_*: <\/strong>Cookies d'estad\u00edstiques. Funci\u00f3: guardar un ID d' usuari \u00fanic. Retenci\u00f3: 1 minut.<\/p>\n<p>&nbsp;<\/p>\n<p><strong><\/strong><\/p>\n<p>En qualsevol cas, els usuaris poden configurar el seu navegador, de manera que es desactivi o bloquegi la recepci\u00f3 de totes o algunes de les cookies. El fet de no desitjar rebre aquestes cookies, no constitueix un impediment per poder accedir a la informaci\u00f3 dels llocs web de el Responsable encara que l'\u00fas d'alguns serveis podr\u00e0 ser limitat. Si un cop atorgat el consentiment per a la recepci\u00f3 de cookies es desitg\u00e9s retirar-lo, s'hauran eliminar aquelles cookies emmagatzemades a l'equip de l'usuari, a trav\u00e9s de les opcions dels diferents navegadors.<\/p>\n<p>La forma de configurar els diferents navegadors per exercitar les accions assenyalades en els par\u00e0grafs anteriors, es pot consultar a:<\/p>\n<p>Explorer: <span><a href=\"https:\/\/support.microsoft.com\/es-es\/help\/17442\/windows-internet-explorer-delete-manage-cookies#ie=ie-10\" target=\"_blank\" rel=\"noopener\">https:\/\/support.microsoft.com\/es-es\/help\/17442\/windows-internet-explorer-delete-manage-cookies#ie=ie-10<\/a><\/span><\/p>\n<p>Chrome: <span><a href=\"https:\/\/support.google.com\/chrome\/answer\/95647?hl=es\" target=\"_blank\" rel=\"noopener\">https:\/\/support.google.com\/chrome\/answer\/95647?hl=es<\/a><\/span><\/p>\n<p>Firefox: <a href=\"https:\/\/support.microsoft.com\/es-es\/help\/17442\/windows-internet-explorer-delete-manage-cookies#ie=ie-10%20Chrome:%20https:\/\/support.google.com\/chrome\/answer\/95647?hl=es%20Firefox:%20https:\/\/support.mozilla.org\/es\/kb\/habilitar-y-deshabilitar-cookies-sitios-web-rastrear-preferencias?redirectlocale=es&amp;redirectslug=habilitar-y-deshabilitar-cookies-que-los-sitios-we%20Safari:%20https:\/\/support.apple.com\/kb\/ph21411?locale=es_ES%20Opera:%20https:\/\/help.opera.com\/es\/Windows\/11.50\/es-ES\/cookies.html%20*Ampliaci%C3%B3n%20de%20Google%20Analytics%20Esta%20p%C3%A1gina%20web%20utiliza%20Google%20Analytics,%20un%20servicio%20anal%C3%ADtico%20web%20proporcionado%20por%20Google,%20Inc.%20(Google,%20ahora%20en%20adelante).%20Google%20Analytics%20utiliza%20las%20llamadas%20%E2%80%9Ccookies%E2%80%9D,%20archivos%20de%20texto%20que%20se%20instalan%20en%20el%20ordenador%20y%20que%20hacen%20posible%20el%20an%C3%A1lisis%20del%20comportamiento%20de%20los%20usuarios%20en%20Internet.%20La%20informaci%C3%B3n%20que%20genera%20la%20cookie%20acerca%20del%20uso%20que%20realiza%20el%20usuario%20de%20la%20p%C3%A1gina%20web%20se%20transmite%20y%20se%20almacena%20generalmente%20en%20los%20servidores%20de%20Google%20de%20Estados%20Unidos.%20En%20caso%20de%20activar%20la%20opci%C3%B3n%20de%20IP%20an%C3%B3nima%20en%20la%20p%C3%A1gina%20web,%20la%20direcci%C3%B3n%20IP%20no%20aparecer%C3%A1%20completa%20dentro%20de%20los%20pa%C3%ADses%20de%20la%20Uni%C3%B3n%20Europea%20o%20en%20los%20dem%C3%A1s%20pa%C3%ADses%20que%20as%C3%AD%20lo%20hayan%20acordado%20dentro%20del%20espacio%20econ%C3%B3mico%20de%20la%20Uni%C3%B3n%20Europea.%20S%C3%B3lo%20excepcionalmente%20se%20transmitir%C3%A1%20la%20direcci%C3%B3n%20IP%20completa%20a%20un%20servidor%20de%20Google%20en%20Estados%20Unidos%20y%20una%20vez%20all%C3%AD%20se%20acortar%C3%A1.%20%C3%9Anicamente%20con%20autorizaci%C3%B3n%20del%20usuario%20de%20la%20p%C3%A1gina,%20Google%20utilizar%C3%A1%20esta%20informaci%C3%B3n%20con%20el%20fin%20de%20valorar%20el%20comportamiento%20del%20usuario%20en%20la%20p%C3%A1gina%20web,%20generar%20informes%20sobre%20las%20actividades%20de%20la%20web%20y%20ofrecer%20al%20due%C3%B1o%20de%20la%20p%C3%A1gina%20servicios%20relacionados%20con%20el%20uso%20web%20y%20de%20Internet.%20La%20direcci%C3%B3n%20IP%20transmitida%20por%20su%20navegador%20en%20el%20marco%20de%20Google%20Analytics%20no%20se%20asociar%C3%A1%20con%20otros%20datos%20de%20Google.%20El%20usuario%20puede%20evitar%20el%20almacenamiento%20de%20cookies%20configurando%20el%20navegador%20correspondientemente%20de%20manera%20que%20no%20se%20almacenen%20las%20cookies.%20Esta%20configuraci%C3%B3n%20puede%20afectar%20a%20la%20plena%20funcionalidad%20de%20la%20p%C3%A1gina%20web.%20Con%20el%20uso%20de%20esta%20web,%20el%20usuario%20est%C3%A1%20de%20acuerdo%20con%20el%20procesamiento%20de%20datos%20por%20Google%20de%20la%20forma%20anteriormente%20mencionada.%20El%20usuario%20tambi%C3%A9n%20puede%20evitar%20el%20registro%20de%20los%20datos%20generados%20por%20las%20cookies%20y%20de%20los%20relacionados%20al%20uso%20de%20la%20p%C3%A1gina%20web%20(incluida%20la%20direcci%C3%B3n%20IP),%20as%C3%AD%20como%20el%20procesamiento%20de%20los%20mismos%20descargando%20e%20instalando%20el%20siguiente%20plugin%20para%20el%20navegador%20disponible%20a%20trav%C3%A9s%20de%20este%20link:%20http:\/\/tools.google.com\/dlpage\/gaoptout%20M%C3%A1s%20informaci%C3%B3n%20acerca%20de%20los%20t%C3%A9rminos%20y%20condiciones%20de%20uso%20y%20pol%C3%ADtica%20de%20privacidad%20en%20las%20condiciones%20de%20uso%20de%20Google%20Analytics%20o%20en%20las%20condiciones%20generales%20de%20Google%20Analytics.%20Ten%20en%20cuenta%20que%20en%20esta%20p%C3%A1gina%20el%20c%C3%B3digo%20de%20Google%20analytics%20incluye%20la%20etiqueta%20%E2%80%9Cgat._anonymizeIp();%E2%80%9D,%20que%20asegura%20la%20recolecci%C3%B3n%20de%20direcciones%20IP%20de%20manera%20an%C3%B3nima%20(m%C3%A1scara%20de%20IP).\" target=\"_blank\" rel=\"noopener\"><span>https:\/\/support.mozilla.org\/es\/kb\/habilitar-y-deshabilitar-cookies-sitios-web-rastrear-preferencias?redirectlocale=es&amp;redirectslug=habilitar-y-deshabilitar-cookies-que-los-sitios-we<\/span><\/a><\/p>\n<p>Safari: <span><a href=\"https:\/\/support.apple.com\/kb\/ph21411?locale=es_ES\" target=\"_blank\" rel=\"noopener\">https:\/\/support.apple.com\/kb\/ph21411?locale=es_ES<\/a><\/span><\/p>\n<p>Opera: <a href=\"https:\/\/help.opera.com\/es\/Windows\/11.50\/es-ES\/cookies.html\" target=\"_blank\" rel=\"noopener\"><span>https:\/\/help.opera.com\/es\/Windows\/11.50\/es-ES\/cookies.html<\/span><\/a><\/p>\n<p>&nbsp;<\/p>\n<p>* Ampliaci\u00f3 de Google Analytics<\/p>\n<p>Aquesta p\u00e0gina web utilitza Google Analytics, un servei anal\u00edtic web proporcionat per Google, Inc. (Google, ara endavant). Google Analytics utilitza les anomenades \"cookies\", arxius de text que s'instal\u00b7len a l'ordinador i que fan possible l'an\u00e0lisi del comportament dels usuaris a Internet. La informaci\u00f3 que genera la cookie sobre l'\u00fas que realitza l'usuari de la p\u00e0gina web es transmet i s'emmagatzema generalment en els servidors de Google dels Estats Units. En cas d' activar l' opci\u00f3 d' IP an\u00f2nima a la p\u00e0gina web, l' adre\u00e7a IP no apareixer\u00e0 completa dins dels pa\u00efsos de la Uni\u00f3 Europea o als altres pa\u00efsos que aix\u00ed ho hagin acordat dins l' espai econ\u00f2mic de la Uni\u00f3 Europea. Nom\u00e9s excepcionalment es transmetr\u00e0 l'adre\u00e7a IP completa a un servidor de Google als Estats Units i un cop all\u00e0 s'escur\u00e7ar\u00e0. \u00danicament amb autoritzaci\u00f3 de l'usuari de la p\u00e0gina, Google utilitzar\u00e0 aquesta informaci\u00f3 per tal de valorar el comportament de l'usuari a la p\u00e0gina web, generar informes sobre les activitats del web i oferir a l'amo de la p\u00e0gina serveis relacionats amb l'\u00fas web i d'Internet. L'adre\u00e7a IP transmesa pel seu navegador en el marc de Google Analytics no s'associar\u00e0 amb altres dades de Google. L'usuari pot evitar l'emmagatzematge de cookies configurant el navegador corresponentment de manera que no s'emmagatzemin les cookies. Aquesta configuraci\u00f3 pot afectar la plena funcionalitat de la p\u00e0gina web. Amb l'\u00fas d'aquesta web, l'usuari est\u00e0 d'acord amb el processament de dades per Google de la forma anteriorment esmentada. L'usuari tamb\u00e9 pot evitar el registre de les dades generades per les cookies i dels relacionats a l'\u00fas de la p\u00e0gina web (inclosa l'adre\u00e7a IP), aix\u00ed com el processament dels mateixos descarregant i instal\u00b7lant el seg\u00fcent plugin per al navegador disponible a trav\u00e9s d'aquest link:  <span><a href=\"http:\/\/tools.google.com\/dlpage\/gaoptout\" target=\"_blank\" rel=\"noopener\">http:\/\/tools.google.com\/dlpage\/gaoptout<\/a><\/span><\/p>\n<p>M\u00e9s informaci\u00f3 sobre els termes i condicions d'\u00fas i pol\u00edtica de privacitat en les <span><a href=\"https:\/\/www.google.com\/analytics\/terms\/es.html\" target=\"_blank\" rel=\"noopener\">condicions d'\u00fas de Google Analytics<\/a><\/span> o en les <span><a href=\"https:\/\/support.google.com\/analytics\/answer\/6004245\" target=\"_blank\" rel=\"noopener\">condicions generals de Google Analytics<\/a><\/span>. Tingueu en compte que en aquesta p\u00e0gina el codi de Google analytics inclou l'etiqueta \"gat._anonymizeIp();\", que assegura la recol\u00b7lecci\u00f3 d'adreces IP de manera an\u00f2nima (m\u00e0scara d'IP).<\/p>\n<p>&nbsp;<\/p><\/div>\n\t\t\t<\/div>\n\t\t\t<\/div>\n\t\t\t\t\n\t\t\t\t\n\t\t\t\t\n\t\t\t\t\n\t\t\t<\/div>\n\t\t\t\t\n\t\t\t\t\n\t\t\t<\/div><\/p>\n","protected":false},"excerpt":{"rendered":"","protected":false},"author":2,"featured_media":0,"parent":0,"menu_order":0,"comment_status":"closed","ping_status":"closed","template":"","meta":{"_acf_changed":false,"_et_pb_use_builder":"on","_et_pb_old_content":"","_et_gb_content_width":"","footnotes":""},"class_list":["post-2938","page","type-page","status-publish","hentry"],"acf":[],"yoast_head":"<!-- This site is optimized with the Yoast SEO plugin v27.4 - https:\/\/yoast.com\/product\/yoast-seo-wordpress\/ -->\n<title>Pol\u00edtica de cookies - exearquitectura<\/title>\n<meta name=\"robots\" content=\"index, follow, max-snippet:-1, max-image-preview:large, max-video-preview:-1\" \/>\n<link rel=\"canonical\" href=\"https:\/\/exearquitectura.com\/ca\/politica-de-cookies\/\" \/>\n<meta property=\"og:locale\" content=\"ca_ES\" \/>\n<meta property=\"og:type\" content=\"article\" \/>\n<meta property=\"og:title\" content=\"Pol\u00edtica de cookies - exearquitectura\" \/>\n<meta property=\"og:url\" content=\"https:\/\/exearquitectura.com\/ca\/politica-de-cookies\/\" \/>\n<meta property=\"og:site_name\" content=\"exearquitectura\" \/>\n<meta property=\"article:modified_time\" content=\"2023-10-26T15:20:07+00:00\" \/>\n<meta name=\"twitter:card\" content=\"summary_large_image\" \/>\n<meta name=\"twitter:label1\" content=\"Temps estimat de lectura\" \/>\n\t<meta name=\"twitter:data1\" content=\"8 minuts\" \/>\n<script type=\"application\/ld+json\" class=\"yoast-schema-graph\">{\"@context\":\"https:\\\/\\\/schema.org\",\"@graph\":[{\"@type\":\"WebPage\",\"@id\":\"https:\\\/\\\/exearquitectura.com\\\/ca\\\/politica-de-cookies\\\/\",\"url\":\"https:\\\/\\\/exearquitectura.com\\\/ca\\\/politica-de-cookies\\\/\",\"name\":\"Pol\u00edtica de cookies - exearquitectura\",\"isPartOf\":{\"@id\":\"https:\\\/\\\/exearquitectura.com\\\/#website\"},\"datePublished\":\"2022-03-30T05:36:52+00:00\",\"dateModified\":\"2023-10-26T15:20:07+00:00\",\"breadcrumb\":{\"@id\":\"https:\\\/\\\/exearquitectura.com\\\/ca\\\/politica-de-cookies\\\/#breadcrumb\"},\"inLanguage\":\"ca\",\"potentialAction\":[{\"@type\":\"ReadAction\",\"target\":[\"https:\\\/\\\/exearquitectura.com\\\/ca\\\/politica-de-cookies\\\/\"]}]},{\"@type\":\"BreadcrumbList\",\"@id\":\"https:\\\/\\\/exearquitectura.com\\\/ca\\\/politica-de-cookies\\\/#breadcrumb\",\"itemListElement\":[{\"@type\":\"ListItem\",\"position\":1,\"name\":\"Portada\",\"item\":\"https:\\\/\\\/exearquitectura.com\\\/\"},{\"@type\":\"ListItem\",\"position\":2,\"name\":\"Pol\u00edtica de cookies\"}]},{\"@type\":\"WebSite\",\"@id\":\"https:\\\/\\\/exearquitectura.com\\\/#website\",\"url\":\"https:\\\/\\\/exearquitectura.com\\\/\",\"name\":\"exearquitectura\",\"description\":\"Building a better tomorrow today\",\"potentialAction\":[{\"@type\":\"SearchAction\",\"target\":{\"@type\":\"EntryPoint\",\"urlTemplate\":\"https:\\\/\\\/exearquitectura.com\\\/?s={search_term_string}\"},\"query-input\":{\"@type\":\"PropertyValueSpecification\",\"valueRequired\":true,\"valueName\":\"search_term_string\"}}],\"inLanguage\":\"ca\"}]}<\/script>\n<!-- \/ Yoast SEO plugin. -->","yoast_head_json":{"title":"Pol\u00edtica de cookies - exearquitectura","robots":{"index":"index","follow":"follow","max-snippet":"max-snippet:-1","max-image-preview":"max-image-preview:large","max-video-preview":"max-video-preview:-1"},"canonical":"https:\/\/exearquitectura.com\/ca\/politica-de-cookies\/","og_locale":"ca_ES","og_type":"article","og_title":"Pol\u00edtica de cookies - exearquitectura","og_url":"https:\/\/exearquitectura.com\/ca\/politica-de-cookies\/","og_site_name":"exearquitectura","article_modified_time":"2023-10-26T15:20:07+00:00","twitter_card":"summary_large_image","twitter_misc":{"Temps estimat de lectura":"8 minuts"},"schema":{"@context":"https:\/\/schema.org","@graph":[{"@type":"WebPage","@id":"https:\/\/exearquitectura.com\/ca\/politica-de-cookies\/","url":"https:\/\/exearquitectura.com\/ca\/politica-de-cookies\/","name":"Pol\u00edtica de cookies - exearquitectura","isPartOf":{"@id":"https:\/\/exearquitectura.com\/#website"},"datePublished":"2022-03-30T05:36:52+00:00","dateModified":"2023-10-26T15:20:07+00:00","breadcrumb":{"@id":"https:\/\/exearquitectura.com\/ca\/politica-de-cookies\/#breadcrumb"},"inLanguage":"ca","potentialAction":[{"@type":"ReadAction","target":["https:\/\/exearquitectura.com\/ca\/politica-de-cookies\/"]}]},{"@type":"BreadcrumbList","@id":"https:\/\/exearquitectura.com\/ca\/politica-de-cookies\/#breadcrumb","itemListElement":[{"@type":"ListItem","position":1,"name":"Portada","item":"https:\/\/exearquitectura.com\/"},{"@type":"ListItem","position":2,"name":"Pol\u00edtica de cookies"}]},{"@type":"WebSite","@id":"https:\/\/exearquitectura.com\/#website","url":"https:\/\/exearquitectura.com\/","name":"exearquitectura","description":"Building a better tomorrow today","potentialAction":[{"@type":"SearchAction","target":{"@type":"EntryPoint","urlTemplate":"https:\/\/exearquitectura.com\/?s={search_term_string}"},"query-input":{"@type":"PropertyValueSpecification","valueRequired":true,"valueName":"search_term_string"}}],"inLanguage":"ca"}]}},"_links":{"self":[{"href":"https:\/\/exearquitectura.com\/ca\/wp-json\/wp\/v2\/pages\/2938","targetHints":{"allow":["GET"]}}],"collection":[{"href":"https:\/\/exearquitectura.com\/ca\/wp-json\/wp\/v2\/pages"}],"about":[{"href":"https:\/\/exearquitectura.com\/ca\/wp-json\/wp\/v2\/types\/page"}],"author":[{"embeddable":true,"href":"https:\/\/exearquitectura.com\/ca\/wp-json\/wp\/v2\/users\/2"}],"replies":[{"embeddable":true,"href":"https:\/\/exearquitectura.com\/ca\/wp-json\/wp\/v2\/comments?post=2938"}],"version-history":[{"count":7,"href":"https:\/\/exearquitectura.com\/ca\/wp-json\/wp\/v2\/pages\/2938\/revisions"}],"predecessor-version":[{"id":3234,"href":"https:\/\/exearquitectura.com\/ca\/wp-json\/wp\/v2\/pages\/2938\/revisions\/3234"}],"wp:attachment":[{"href":"https:\/\/exearquitectura.com\/ca\/wp-json\/wp\/v2\/media?parent=2938"}],"curies":[{"name":"wp","href":"https:\/\/api.w.org\/{rel}","templated":true}]}}