{"id":2935,"date":"2022-03-30T07:37:58","date_gmt":"2022-03-30T05:37:58","guid":{"rendered":"https:\/\/exearquitectura.com\/avis-legal\/"},"modified":"2025-07-30T12:14:27","modified_gmt":"2025-07-30T10:14:27","slug":"avis-legal","status":"publish","type":"page","link":"https:\/\/exearquitectura.com\/ca\/avis-legal\/","title":{"rendered":"Av\u00eds legal"},"content":{"rendered":"<p><div class=\"et_d4_element et_pb_section et_pb_section_0 et_pb_with_background  et_pb_css_mix_blend_mode et_section_regular et_block_section\" >\n\t\t\t\t\n\t\t\t\t\n\t\t\t\t\n\t\t\t\t\n\t\t\t\t\n\t\t\t\t\n\t\t\t\t<div class=\"et_d4_element et_pb_row et_pb_row_0  et_pb_css_mix_blend_mode et_block_row\">\n\t\t\t\t<div class=\"et_d4_element et_pb_column_4_4 et_pb_column et_pb_column_0  et_pb_css_mix_blend_mode et-last-child et_block_column\">\n\t\t\t\t\n\t\t\t\t\n\t\t\t\t\n\t\t\t\t\n\t\t\t\t<div class=\"et_pb_module et_d4_element et_pb_text et_pb_text_0  et_pb_text_align_left et_pb_bg_layout_light\">\n\t\t\t\t\n\t\t\t\t\n\t\t\t\t\n\t\t\t\t\n\t\t\t\t<div class=\"et_pb_text_inner\"><h1>Av\u00eds legal<\/h1><\/div>\n\t\t\t<\/div>\n\t\t\t<\/div>\n\t\t\t\t\n\t\t\t\t\n\t\t\t\t\n\t\t\t\t\n\t\t\t<\/div>\n\t\t\t\t\n\t\t\t\t\n\t\t\t<\/div><div class=\"et_d4_element et_pb_section et_pb_section_1  et_pb_css_mix_blend_mode et_section_regular et_block_section\" >\n\t\t\t\t\n\t\t\t\t\n\t\t\t\t\n\t\t\t\t\n\t\t\t\t\n\t\t\t\t\n\t\t\t\t<div class=\"et_d4_element et_pb_row et_pb_row_1  et_pb_css_mix_blend_mode et_block_row\">\n\t\t\t\t<div class=\"et_d4_element et_pb_column_4_4 et_pb_column et_pb_column_1  et_pb_css_mix_blend_mode et-last-child et_block_column\">\n\t\t\t\t\n\t\t\t\t\n\t\t\t\t\n\t\t\t\t\n\t\t\t\t<div class=\"et_pb_module et_d4_element et_pb_text et_pb_text_1  et_pb_text_align_left et_pb_bg_layout_light\">\n\t\t\t\t\n\t\t\t\t\n\t\t\t\t\n\t\t\t\t\n\t\t\t\t<div class=\"et_pb_text_inner\"><p class=\"p1\">En compliment de la Llei 34\/2002, d'11 de juliol, de Serveis de la Societat de la Informaci\u00f3 i de Comer\u00e7 Electr\u00f2nic (LSSI-CE), EXE ARQUITECTURA BARCELONA SLP informa que \u00e9s titular del lloc web. D'acord amb l'exig\u00e8ncia de l'article 10 de la citada Llei, EXE ARQUITECTURA BARCELONA SLP informa de les seg\u00fcents dades: <\/p>\n<p>&nbsp;<\/p>\n<p><strong>Ra\u00f3 social:<\/strong> EXE ARQUITECTURA BARCELONA SLP<\/p>\n<p><strong>NIF:<\/strong> B63630776<\/p>\n<p><strong>Adre\u00e7a:<\/strong> C\/ CLAVELLS 12 08348 CABRILS - BARCELONA<\/p>\n<p><strong>Tel\u00e8fon:<\/strong> 932008035<\/p>\n<p><strong>Email:<\/strong> <a href=\"mailto:%20adm@exearquitectura.com\">adm@exearquitectura.com<\/a><\/p>\n<p>Registre Mercantil de Barcelona, Tom 36944, Foli 168, Full B 292620, Inscripci\u00f3 1.<\/p>\n<p>&nbsp;<\/p>\n<p class=\"p1\"><span class=\"s1\"><b>Usuari i r\u00e8gim de responsabilitats <\/b><\/span><\/p>\n<p class=\"p1\">La navegaci\u00f3, acc\u00e9s i \u00fas pel lloc web de EXE ARQUITECTURA BARCELONA SLP confereix la condici\u00f3 d'usuari. El lloc web de EXE ARQUITECTURA BARCELONA SLP proporciona gran diversitat d'informaci\u00f3, serveis i dades. L'usuari assumeix la seva responsabilitat en l'\u00fas correcte del lloc web. Aquesta responsabilitat s'estendr\u00e0 a:   <\/p>\n<p class=\"p2\">La veracitat i licitud de les informacions aportades per l'usuari en els formularis estesos per EXE ARQUITECTURA BARCELONA SLP per a l'acc\u00e9s a uns certs continguts o serveis oferts pel web.<\/p>\n<p class=\"p1\">L'\u00fas de la informaci\u00f3, serveis i dades ofertes per EXE ARQUITECTURA BARCELONA SLP contr\u00e0riament al que es disposa per les presents condicions, la Llei, la moral, els bons costums o l'ordre p\u00fablic, o que de qualsevol altre mode puguin suposar lesi\u00f3 dels drets de tercers o del mateix funcionament del lloc web.<\/p>\n<p class=\"p1\"><span class=\"s1\"><b>Pol\u00edtica d'enlla\u00e7os i exempcions de responsabilitat <\/b><\/span><\/p>\n<p class=\"p1\">EXE ARQUITECTURA BARCELONA SLP no es fa responsable del contingut dels llocs web als quals l'usuari pugui accedir a trav\u00e9s dels enlla\u00e7os establerts en el seu lloc web, sempre que no tingui coneixement efectiu que l'activitat o la informaci\u00f3 a la qual remitent o recomana \u00e9s il\u00b7l\u00edcita o que lesiona b\u00e9ns o drets d'un tercer susceptibles d'indemnitzaci\u00f3, o, en cas de tenir-ho, actu\u00ef amb dilig\u00e8ncia per a suprimir o inutilitzar l'enlla\u00e7 corresponent.<\/p>\n<p class=\"p1\">S'entendr\u00e0 que EXE ARQUITECTURA BARCELONA SLP t\u00e9 el coneixement efectiu a qu\u00e8 es refereix el par\u00e0graf anterior quan un \u00f2rgan competent hagi declarat la il\u00b7licitud de les dades, ordenat<\/p>\n<p class=\"p1\">la seva retirada o que s'impossibiliti l'acc\u00e9s a aquests, o s'hagu\u00e9s declarat l'exist\u00e8ncia de la lesi\u00f3, i EXE ARQUITECTURA BARCELONA SLP conegu\u00e9s la corresponent resoluci\u00f3, sense perjudici dels procediments de detecci\u00f3 i retirada de continguts que EXE ARQUITECTURA BARCELONA SLP aplicaci\u00f3 en virtut d'acords voluntaris i d'altres mitjans de coneixement efectiu que poguessin establir-se. EXE ARQUITECTURA BARCELONA SLP declara haver adoptat totes les mesures necess\u00e0ries per a evitar qualsevol mal als usuaris del seu lloc web, que poguessin derivar-se de la navegaci\u00f3 pel seu lloc web. En conseq\u00fc\u00e8ncia, EXE ARQUITECTURA BARCELONA SLP no es fa responsable, en cap cas, dels eventuals danys que per la navegaci\u00f3 per Internet pogu\u00e9s sofrir l'usuari. Aix\u00ed mateix, tampoc garantir\u00e0 la disponibilitat t\u00e8cnica, exactitud, veracitat, validesa o legalitat de llocs aliens a la seva propietat als quals es pugui accedir per mitj\u00e0 dels enlla\u00e7os.   <\/p>\n<p class=\"p1\"><span class=\"s1\"><b>Modificacions <\/b><\/span><\/p>\n<p class=\"p1\">EXE ARQUITECTURA BARCELONA SLP es reserva la facultat d'efectuar, en qualsevol moment i sense necessitat de previ av\u00eds, modificacions i actualitzacions de la informaci\u00f3 continguda en el seu lloc web o en la configuraci\u00f3 i presentaci\u00f3 d'aquesta. A fi de mantenir actualitzada la informaci\u00f3 publicada, els continguts del mateix podran ser modificats, corregits, eliminats o afegits en qualsevol moment, per qualsevol forma admissible en dret. <\/p>\n<p class=\"p1\"><span class=\"s1\"><b>Indicaci\u00f3 de preus <\/b><\/span><\/p>\n<p class=\"p1\">En cas que es mostrin preus de productes i\/o serveis, els indicats en pantalla seran els vigents a cada moment. Els preus seran indicats en euros i tindran incorporat l'Impost sobre el Valor Afegit (IVA). En cas que no s'incorpori l'IVA en el preu, s'indicar\u00e0 de manera expressa i es permetr\u00e0 a l'usuari visualitzar el preu final complet. Aix\u00ed mateix, si fos aplicable qualsevol altre impost, aix\u00ed s'indicaria, incloent, si \u00e9s el cas, l'import dels increments o descomptes que siguin aplicable a l'oferta i les despeses addicionals que puguin repercutir al consumidor o usuari.<br \/> Neteja   <\/p>\n<p class=\"p1\"><span class=\"s1\"><b>Propietat intel\u00b7lectual i industrial<\/b><\/span><\/p>\n<p class=\"p1\"><span class=\"s1\"><b> <\/b><\/span>EXE ARQUITECTURA BARCELONA SLP per si mateixa o com a cession\u00e0ria, \u00e9s titular de tots els drets de propietat intel\u00b7lectual i industrial de la seva p\u00e0gina web, aix\u00ed com dels elements continguts en la mateixa (a t\u00edtol enunciatiu, imatges, so, \u00e0udio, v\u00eddeo, programari o textos; marques o logotips, combinacions de colors, estructura i disseny, selecci\u00f3 de materials usats, programes d'ordinador necessaris per al seu funcionament, acc\u00e9s i \u00fas, etc.), titularitat de EXE ARQUITECTURA BARCELONA SLP. Seran, per conseg\u00fcent, obres protegides com a propietat intel\u00b7lectual per l'ordenament jur\u00eddic espanyol, sent-los aplicables tant la normativa espanyola i comunit\u00e0ria en aquest camp, com els tractats internacionals relatius a la mat\u00e8ria i subscrits per Espanya. Tots els drets reservats. En virtut del que es disposa en la Llei de Propietat Intel\u00b7lectual, queden expressament prohibides la reproducci\u00f3, la distribuci\u00f3 i la comunicaci\u00f3 p\u00fablica, inclosa la seva modalitat de posada a disposici\u00f3, de la totalitat o part dels continguts d'aquesta p\u00e0gina web, amb finalitats comercials, en qualsevol suport i per qualsevol mitj\u00e0 t\u00e8cnic, sense l'autoritzaci\u00f3 de EXE ARQUITECTURA BARCELONA SLP. L'usuari es compromet a respectar els drets de Propietat Intel\u00b7lectual i Industrial titularitat de EXE ARQUITECTURA BARCELONA SLP. Podr\u00e0 visualitzar els elements del portal i fins i tot imprimir-los, copiar-los i emmagatzemar-los en el disc dur del seu ordinador o en qualsevol altre suport f\u00edsic sempre que sigui, exclusivament, per al seu \u00fas personal i privat. L'usuari haur\u00e0 d'abstenir-se de suprimir, alterar, eludir o manipular qualsevol dispositiu de protecci\u00f3 o sistema de seguretat que estigu\u00e9s instal\u00b7lat en les p\u00e0gines de EXE ARQUITECTURA BARCELONA SLP.      <\/p>\n<p class=\"p1\"><span class=\"s1\"><b>Accions legals, legislaci\u00f3 aplicable i jurisdicci\u00f3 <\/b><\/span><span class=\"s1\"><b><\/b><\/span><\/p>\n<p class=\"p1\">Si l'usuari desitja presentar una reclamaci\u00f3, haur\u00e0 de contactar mitjan\u00e7ant el correu electr\u00f2nic adm@exearquitectura.com. Aix\u00ed mateix, EXE ARQUITECTURA BARCELONA SLP disposa de fulles oficials de reclamaci\u00f3 a la disposici\u00f3 dels consumidors i usuaris. EXE ARQUITECTURA BARCELONA SLP es reserva la facultat de presentar les accions civils o penals que consideri oportunes per la utilitzaci\u00f3 indeguda del seu lloc web i continguts, o per l'incompliment de les presents condicions. La relaci\u00f3 entre l'usuari i el prestador es regir\u00e0 per la normativa vigent i d'aplicaci\u00f3 en el territori espanyol. De sorgir qualsevol controv\u00e8rsia les parts podran sotmetre els seus conflictes a arbitratge o acudir a la jurisdicci\u00f3 ordin\u00e0ria complint amb les normes sobre jurisdicci\u00f3 i compet\u00e8ncia sobre aquest tema.    <\/p>\n<p class=\"p1\"><b>\u00daltima actualitzaci\u00f3<\/b>: 17 de gener de 2025<\/p><\/div>\n\t\t\t<\/div>\n\t\t\t<\/div>\n\t\t\t\t\n\t\t\t\t\n\t\t\t\t\n\t\t\t\t\n\t\t\t<\/div>\n\t\t\t\t\n\t\t\t\t\n\t\t\t<\/div><\/p>\n","protected":false},"excerpt":{"rendered":"","protected":false},"author":2,"featured_media":0,"parent":0,"menu_order":0,"comment_status":"closed","ping_status":"closed","template":"","meta":{"_acf_changed":false,"_et_pb_use_builder":"on","_et_pb_old_content":"","_et_gb_content_width":"","footnotes":""},"class_list":["post-2935","page","type-page","status-publish","hentry"],"acf":[],"yoast_head":"<!-- This site is optimized with the Yoast SEO plugin v27.3 - https:\/\/yoast.com\/product\/yoast-seo-wordpress\/ -->\n<title>Av\u00eds legal - exearquitectura<\/title>\n<meta name=\"robots\" content=\"index, follow, max-snippet:-1, max-image-preview:large, max-video-preview:-1\" \/>\n<link rel=\"canonical\" href=\"https:\/\/exearquitectura.com\/ca\/avis-legal\/\" \/>\n<meta property=\"og:locale\" content=\"ca_ES\" \/>\n<meta property=\"og:type\" content=\"article\" \/>\n<meta property=\"og:title\" content=\"Av\u00eds legal - exearquitectura\" \/>\n<meta property=\"og:url\" content=\"https:\/\/exearquitectura.com\/ca\/avis-legal\/\" \/>\n<meta property=\"og:site_name\" content=\"exearquitectura\" \/>\n<meta property=\"article:modified_time\" content=\"2025-07-30T10:14:27+00:00\" \/>\n<meta name=\"twitter:card\" content=\"summary_large_image\" \/>\n<meta name=\"twitter:label1\" content=\"Temps estimat de lectura\" \/>\n\t<meta name=\"twitter:data1\" content=\"7 minuts\" \/>\n<script type=\"application\/ld+json\" class=\"yoast-schema-graph\">{\"@context\":\"https:\\\/\\\/schema.org\",\"@graph\":[{\"@type\":\"WebPage\",\"@id\":\"https:\\\/\\\/exearquitectura.com\\\/ca\\\/avis-legal\\\/\",\"url\":\"https:\\\/\\\/exearquitectura.com\\\/ca\\\/avis-legal\\\/\",\"name\":\"Av\u00eds legal - exearquitectura\",\"isPartOf\":{\"@id\":\"https:\\\/\\\/exearquitectura.com\\\/#website\"},\"datePublished\":\"2022-03-30T05:37:58+00:00\",\"dateModified\":\"2025-07-30T10:14:27+00:00\",\"breadcrumb\":{\"@id\":\"https:\\\/\\\/exearquitectura.com\\\/ca\\\/avis-legal\\\/#breadcrumb\"},\"inLanguage\":\"ca\",\"potentialAction\":[{\"@type\":\"ReadAction\",\"target\":[\"https:\\\/\\\/exearquitectura.com\\\/ca\\\/avis-legal\\\/\"]}]},{\"@type\":\"BreadcrumbList\",\"@id\":\"https:\\\/\\\/exearquitectura.com\\\/ca\\\/avis-legal\\\/#breadcrumb\",\"itemListElement\":[{\"@type\":\"ListItem\",\"position\":1,\"name\":\"Portada\",\"item\":\"https:\\\/\\\/exearquitectura.com\\\/\"},{\"@type\":\"ListItem\",\"position\":2,\"name\":\"Av\u00eds legal\"}]},{\"@type\":\"WebSite\",\"@id\":\"https:\\\/\\\/exearquitectura.com\\\/#website\",\"url\":\"https:\\\/\\\/exearquitectura.com\\\/\",\"name\":\"exearquitectura\",\"description\":\"Building a better tomorrow today\",\"potentialAction\":[{\"@type\":\"SearchAction\",\"target\":{\"@type\":\"EntryPoint\",\"urlTemplate\":\"https:\\\/\\\/exearquitectura.com\\\/?s={search_term_string}\"},\"query-input\":{\"@type\":\"PropertyValueSpecification\",\"valueRequired\":true,\"valueName\":\"search_term_string\"}}],\"inLanguage\":\"ca\"}]}<\/script>\n<!-- \/ Yoast SEO plugin. -->","yoast_head_json":{"title":"Av\u00eds legal - exearquitectura","robots":{"index":"index","follow":"follow","max-snippet":"max-snippet:-1","max-image-preview":"max-image-preview:large","max-video-preview":"max-video-preview:-1"},"canonical":"https:\/\/exearquitectura.com\/ca\/avis-legal\/","og_locale":"ca_ES","og_type":"article","og_title":"Av\u00eds legal - exearquitectura","og_url":"https:\/\/exearquitectura.com\/ca\/avis-legal\/","og_site_name":"exearquitectura","article_modified_time":"2025-07-30T10:14:27+00:00","twitter_card":"summary_large_image","twitter_misc":{"Temps estimat de lectura":"7 minuts"},"schema":{"@context":"https:\/\/schema.org","@graph":[{"@type":"WebPage","@id":"https:\/\/exearquitectura.com\/ca\/avis-legal\/","url":"https:\/\/exearquitectura.com\/ca\/avis-legal\/","name":"Av\u00eds legal - exearquitectura","isPartOf":{"@id":"https:\/\/exearquitectura.com\/#website"},"datePublished":"2022-03-30T05:37:58+00:00","dateModified":"2025-07-30T10:14:27+00:00","breadcrumb":{"@id":"https:\/\/exearquitectura.com\/ca\/avis-legal\/#breadcrumb"},"inLanguage":"ca","potentialAction":[{"@type":"ReadAction","target":["https:\/\/exearquitectura.com\/ca\/avis-legal\/"]}]},{"@type":"BreadcrumbList","@id":"https:\/\/exearquitectura.com\/ca\/avis-legal\/#breadcrumb","itemListElement":[{"@type":"ListItem","position":1,"name":"Portada","item":"https:\/\/exearquitectura.com\/"},{"@type":"ListItem","position":2,"name":"Av\u00eds legal"}]},{"@type":"WebSite","@id":"https:\/\/exearquitectura.com\/#website","url":"https:\/\/exearquitectura.com\/","name":"exearquitectura","description":"Building a better tomorrow today","potentialAction":[{"@type":"SearchAction","target":{"@type":"EntryPoint","urlTemplate":"https:\/\/exearquitectura.com\/?s={search_term_string}"},"query-input":{"@type":"PropertyValueSpecification","valueRequired":true,"valueName":"search_term_string"}}],"inLanguage":"ca"}]}},"_links":{"self":[{"href":"https:\/\/exearquitectura.com\/ca\/wp-json\/wp\/v2\/pages\/2935","targetHints":{"allow":["GET"]}}],"collection":[{"href":"https:\/\/exearquitectura.com\/ca\/wp-json\/wp\/v2\/pages"}],"about":[{"href":"https:\/\/exearquitectura.com\/ca\/wp-json\/wp\/v2\/types\/page"}],"author":[{"embeddable":true,"href":"https:\/\/exearquitectura.com\/ca\/wp-json\/wp\/v2\/users\/2"}],"replies":[{"embeddable":true,"href":"https:\/\/exearquitectura.com\/ca\/wp-json\/wp\/v2\/comments?post=2935"}],"version-history":[{"count":6,"href":"https:\/\/exearquitectura.com\/ca\/wp-json\/wp\/v2\/pages\/2935\/revisions"}],"predecessor-version":[{"id":3888,"href":"https:\/\/exearquitectura.com\/ca\/wp-json\/wp\/v2\/pages\/2935\/revisions\/3888"}],"wp:attachment":[{"href":"https:\/\/exearquitectura.com\/ca\/wp-json\/wp\/v2\/media?parent=2935"}],"curies":[{"name":"wp","href":"https:\/\/api.w.org\/{rel}","templated":true}]}}