{"id":2853,"date":"2022-03-30T07:36:03","date_gmt":"2022-03-30T05:36:03","guid":{"rendered":"https:\/\/exearquitectura.com\/contacte\/"},"modified":"2025-07-30T12:24:28","modified_gmt":"2025-07-30T10:24:28","slug":"contacte","status":"publish","type":"page","link":"https:\/\/exearquitectura.com\/ca\/contacte\/","title":{"rendered":"Contacte"},"content":{"rendered":"<p><div class=\"et_d4_element et_pb_section et_pb_section_0 et_pb_with_background  et_pb_css_mix_blend_mode et_section_regular et_block_section\" >\n\t\t\t\t\n\t\t\t\t\n\t\t\t\t\n\t\t\t\t\n\t\t\t\t\n\t\t\t\t\n\t\t\t\t<div class=\"et_d4_element et_pb_row et_pb_row_0  et_pb_css_mix_blend_mode et_block_row\">\n\t\t\t\t<div class=\"et_d4_element et_pb_column_4_4 et_pb_column et_pb_column_0  et_pb_css_mix_blend_mode et-last-child et_block_column\">\n\t\t\t\t\n\t\t\t\t\n\t\t\t\t\n\t\t\t\t\n\t\t\t\t<div class=\"et_pb_module et_d4_element et_pb_text et_pb_text_0  et_pb_text_align_left et_pb_bg_layout_light\">\n\t\t\t\t\n\t\t\t\t\n\t\t\t\t\n\t\t\t\t\n\t\t\t\t<div class=\"et_pb_text_inner\"><h1>Contacte<\/h1><\/div>\n\t\t\t<\/div>\n\t\t\t<\/div>\n\t\t\t\t\n\t\t\t\t\n\t\t\t\t\n\t\t\t\t\n\t\t\t<\/div>\n\t\t\t\t\n\t\t\t\t\n\t\t\t<\/div><div class=\"et_d4_element et_pb_section et_pb_section_1  et_pb_css_mix_blend_mode et_section_regular et_block_section\" >\n\t\t\t\t\n\t\t\t\t\n\t\t\t\t\n\t\t\t\t\n\t\t\t\t\n\t\t\t\t\n\t\t\t\t<div class=\"et_d4_element et_pb_row et_pb_row_1  et_pb_css_mix_blend_mode et_block_row\">\n\t\t\t\t<div class=\"et_d4_element et_pb_column_1_2 et_pb_column et_pb_column_1  et_pb_css_mix_blend_mode et_block_column\">\n\t\t\t\t\n\t\t\t\t\n\t\t\t\t\n\t\t\t\t\n\t\t\t\t<div class=\"et_pb_module et_d4_element et_pb_text et_pb_text_1  et_pb_text_align_left et_pb_bg_layout_light\">\n\t\t\t\t\n\t\t\t\t\n\t\t\t\t\n\t\t\t\t\n\t\t\t\t<div class=\"et_pb_text_inner\"><h2>Hola! Et donem la benvinguda a exe arquitectura<\/h2><\/div>\n\t\t\t<\/div><div class=\"et_pb_module et_d4_element et_pb_text et_pb_text_2  et_pb_text_align_left et_pb_bg_layout_light\">\n\t\t\t\t\n\t\t\t\t\n\t\t\t\t\n\t\t\t\t\n\t\t\t\t<div class=\"et_pb_text_inner\"><p>Pots contactar amb nosaltres al tel\u00e8fon <a href=\"tel:+34932008035\"><strong>+34 932 008 035<\/strong><\/a>, a l\u2019adre\u00e7a electr\u00f2nica <strong><a href=\"mailto:adm@exearquitectura.com\">adm@exearquitectura.com<\/a><\/strong>, o b\u00e9 amb el formulari de contacte d\u2019aquesta p\u00e0gina. Tamb\u00e9 pots acordar una cita i visitar-nos a les nostres instal\u00b7lacions, al C\/ Clavells, 12, 08348, Cabrils.<\/p><\/div>\n\t\t\t<\/div>\n\t\t\t<\/div><div class=\"et_d4_element et_pb_column_1_2 et_pb_column et_pb_column_2  et_pb_css_mix_blend_mode et-last-child et_block_column\">\n\t\t\t\t\n\t\t\t\t\n\t\t\t\t\n\t\t\t\t\n\t\t\t\t\n\t\t\t<div id=\"et_pb_contact_form_0\" class=\"et_pb_module et_d4_element et_pb_contact_form_0 et_pb_recaptcha_enabled et_pb_contact_form_container clearfix et_block_module\" data-form_unique_num=\"0\" data-form_unique_id=\"765bffbb-4b93-4919-b785-77147e5c02c1\">\n\t\t\t\t\n\t\t\t\t\n\t\t\t\t\n\t\t\t\t\n\t\t\t\t\n\t\t\t\t<div class=\"et-pb-contact-message\"><\/div>\n\t\t\t\t\n\t\t\t\t<div class=\"et_pb_contact\">\n\t\t\t\t\t<form class=\"et_pb_contact_form clearfix\" method=\"post\" action=\"https:\/\/exearquitectura.com\/ca\/wp-json\/wp\/v2\/pages\/2853\">\n\t\t\t\t\t\t<p class=\"et_d4_element et_pb_contact_field et_pb_contact_field_0 et_pb_contact_field_last\" data-id=\"name\" data-type=\"input\">\n\t\t\t\t\n\t\t\t\t\n\t\t\t\t\n\t\t\t\t\n\t\t\t\t<label for=\"et_pb_contact_name_0\" class=\"et_pb_contact_form_label\">Nom<\/label>\n\t\t\t\t<input type=\"text\" id=\"et_pb_contact_name_0\" class=\"input\" value=\"\" name=\"et_pb_contact_name_0\" data-required_mark=\"required\" data-field_type=\"input\" data-original_id=\"name\" placeholder=\"Nom\">\n\t\t\t<\/p><p class=\"et_d4_element et_pb_contact_field et_pb_contact_field_1 et_pb_contact_field_last\" data-id=\"email\" data-type=\"email\">\n\t\t\t\t\n\t\t\t\t\n\t\t\t\t\n\t\t\t\t\n\t\t\t\t<label for=\"et_pb_contact_email_0\" class=\"et_pb_contact_form_label\">Adre\u00e7a de correu electr\u00f2nic<\/label>\n\t\t\t\t<input type=\"text\" id=\"et_pb_contact_email_0\" class=\"input\" value=\"\" name=\"et_pb_contact_email_0\" data-required_mark=\"required\" data-field_type=\"email\" data-original_id=\"email\" placeholder=\"Adre\u00e7a de correu electr\u00f2nic\">\n\t\t\t<\/p><p class=\"et_d4_element et_pb_contact_field et_pb_contact_field_2 et_pb_contact_field_last\" data-id=\"message\" data-type=\"text\">\n\t\t\t\t\n\t\t\t\t\n\t\t\t\t\n\t\t\t\t\n\t\t\t\t<label for=\"et_pb_contact_message_0\" class=\"et_pb_contact_form_label\">Missatge<\/label>\n\t\t\t\t<textarea name=\"et_pb_contact_message_0\" id=\"et_pb_contact_message_0\" class=\"et_pb_contact_message input\" data-required_mark=\"required\" data-field_type=\"text\" data-original_id=\"message\" placeholder=\"Missatge\"><\/textarea>\n\t\t\t<\/p><p class=\"et_d4_element et_pb_contact_field et_pb_contact_field_3 et_pb_contact_field_last\" data-id=\"field_4\" data-type=\"checkbox\">\n\t\t\t\t\n\t\t\t\t\n\t\t\t\t\n\t\t\t\t\n\t\t\t\t<label for=\"et_pb_contact_field_4_0\" class=\"et_pb_contact_form_label\">  L&#039;informem que les dades que ens remeti a trav\u00e9s d&#039;aquest formulari electr\u00f2nic quedaran incorporades en els sistemes d&#039;informaci\u00f3 d&#039;EXE ARQUITECTURA BARCELONA SLP (ara en endavant, el Responsable). Aquesta comunicaci\u00f3 s&#039; utilitzar\u00e0 exclusivament per atendre la seva petici\u00f3. Mitjan\u00e7ant la indicaci\u00f3 de les seves dades, i de conformitat amb l&#039;establert a l&#039;article 4.11 del Reglament (UE) 2016\/679, de 27 d&#039;abril del 2016, vost\u00e8 atorga el seu consentiment inequ\u00edvoc al Responsable, perqu\u00e8 procedeixi, en compliment de les finalitats esmentades en l&#039;apartat anterior, al tractament de les dades personals facilitades. Tanmateix, en qualsevol moment vost\u00e8 podr\u00e0 exercitar els drets d&#039;acc\u00e9s, rectificaci\u00f3, supressi\u00f3, limitaci\u00f3, portabilitat i oposici\u00f3, a trav\u00e9s de l&#039;adre\u00e7a: EXE ARQUITECTURA BARCELONA SLP C\/ CLAVELLS 12 08348 CABRILS - BARCELONA o a l&#039;email: adm@exearquitectura.com<\/label>\n\t\t\t\t<input class=\"et_pb_checkbox_handle\" type=\"hidden\" name=\"et_pb_contact_field_4_0\" data-required_mark=\"required\" data-field_type=\"checkbox\" data-original_id=\"field_4\">\n\t\t\t\t\t<span class=\"et_pb_contact_field_options_wrapper\">\n\t\t\t\t\t\t<span class=\"et_pb_contact_field_options_title\">  L&#039;informem que les dades que ens remeti a trav\u00e9s d&#039;aquest formulari electr\u00f2nic quedaran incorporades en els sistemes d&#039;informaci\u00f3 d&#039;EXE ARQUITECTURA BARCELONA SLP (ara en endavant, el Responsable). Aquesta comunicaci\u00f3 s&#039; utilitzar\u00e0 exclusivament per atendre la seva petici\u00f3. Mitjan\u00e7ant la indicaci\u00f3 de les seves dades, i de conformitat amb l&#039;establert a l&#039;article 4.11 del Reglament (UE) 2016\/679, de 27 d&#039;abril del 2016, vost\u00e8 atorga el seu consentiment inequ\u00edvoc al Responsable, perqu\u00e8 procedeixi, en compliment de les finalitats esmentades en l&#039;apartat anterior, al tractament de les dades personals facilitades. Tanmateix, en qualsevol moment vost\u00e8 podr\u00e0 exercitar els drets d&#039;acc\u00e9s, rectificaci\u00f3, supressi\u00f3, limitaci\u00f3, portabilitat i oposici\u00f3, a trav\u00e9s de l&#039;adre\u00e7a: EXE ARQUITECTURA BARCELONA SLP C\/ CLAVELLS 12 08348 CABRILS - BARCELONA o a l&#039;email: adm@exearquitectura.com<\/span>\n\t\t\t\t\t\t<span class=\"et_pb_contact_field_options_list\"><span class=\"et_pb_contact_field_checkbox\">\n\t\t\t\t\t\t\t<input type=\"checkbox\" id=\"et_pb_contact_field_4_3_0\" class=\"input\" value=\"He llegit i accepto els termes de\" data-id=\"-1\">\n\t\t\t\t\t\t\t<label for=\"et_pb_contact_field_4_3_0\"><i><\/i>He llegit i accepto els termes de <a href=\"\/pol\u00edtica-de-privacidad\" target=\"_blank\">Pol\u00edtica de privacitat<\/a><\/label>\n\t\t\t\t\t\t<\/span><\/span>\n\t\t\t\t\t<\/span>\n\t\t\t<\/p><p class=\"et_d4_element et_pb_contact_field et_pb_contact_field_4 et_pb_contact_field_last\" data-id=\"field_5\" data-type=\"checkbox\">\n\t\t\t\t\n\t\t\t\t\n\t\t\t\t\n\t\t\t\t\n\t\t\t\t<label for=\"et_pb_contact_field_5_0\" class=\"et_pb_contact_form_label\"> <\/label>\n\t\t\t\t<input class=\"et_pb_checkbox_handle\" type=\"hidden\" name=\"et_pb_contact_field_5_0\" data-required_mark=\"not_required\" data-field_type=\"checkbox\" data-original_id=\"field_5\">\n\t\t\t\t\t<span class=\"et_pb_contact_field_options_wrapper\">\n\t\t\t\t\t\t<span class=\"et_pb_contact_field_options_title\"> <\/span>\n\t\t\t\t\t\t<span class=\"et_pb_contact_field_options_list\"><span class=\"et_pb_contact_field_checkbox\">\n\t\t\t\t\t\t\t<input type=\"checkbox\" id=\"et_pb_contact_field_5_4_0\" class=\"input\" value=\"He llegit i accepto rebre comunicacions comercials\" data-id=\"-1\">\n\t\t\t\t\t\t\t<label for=\"et_pb_contact_field_5_4_0\"><i><\/i>He llegit i accepto rebre comunicacions comercials<\/label>\n\t\t\t\t\t\t<\/span><\/span>\n\t\t\t\t\t<\/span>\n\t\t\t<\/p>\n\t\t\t\t\t\t<input type=\"hidden\" value=\"et_contact_proccess\" name=\"et_pb_contactform_submit_0\"\/>\n\t\t\t\t\t\t<div class=\"et_contact_bottom_container\">\n\t\t\t\t\t\t\t\n\t\t\t\t\t\t\t<button type=\"submit\" name=\"et_builder_submit_button\" class=\"et_pb_contact_submit et_pb_button\" data-icon=\"\uf3e5\">Submit<\/button>\n\t\t\t\t\t\t<\/div>\n\t\t\t\t\t\t<input type=\"hidden\" id=\"_wpnonce-et-pb-contact-form-submitted-0\" name=\"_wpnonce-et-pb-contact-form-submitted-0\" value=\"ec54979136\" \/><input type=\"hidden\" name=\"_wp_http_referer\" value=\"\/ca\/wp-json\/wp\/v2\/pages\/2853\" \/>\n\t\t\t\t\t<\/form>\n\t\t\t\t<\/div>\n\t\t\t<\/div>\n\t\t\t\n\t\t\t<\/div>\n\t\t\t\t\n\t\t\t\t\n\t\t\t\t\n\t\t\t\t\n\t\t\t<\/div>\n\t\t\t\t\n\t\t\t\t\n\t\t\t<\/div><div class=\"et_d4_element et_pb_section et_pb_section_2  et_pb_css_mix_blend_mode et_section_regular et_block_section\" >\n\t\t\t\t\n\t\t\t\t\n\t\t\t\t\n\t\t\t\t\n\t\t\t\t\n\t\t\t\t\n\t\t\t\t<div class=\"et_d4_element et_pb_row et_pb_row_2  et_pb_css_mix_blend_mode et_block_row\">\n\t\t\t\t<div class=\"et_d4_element et_pb_column_4_4 et_pb_column et_pb_column_3  et_pb_css_mix_blend_mode et-last-child et_block_column\">\n\t\t\t\t\n\t\t\t\t\n\t\t\t\t\n\t\t\t\t\n\t\t\t\t<div class=\"et_pb_module et_d4_element et_pb_code et_pb_code_0\">\n\t\t\t\t\n\t\t\t\t\n\t\t\t\t\n\t\t\t\t\n\t\t\t\t<div class=\"et_pb_code_inner\"><iframe src=\"https:\/\/www.google.com\/maps\/embed?pb=!1m14!1m8!1m3!1d11948.440177237717!2d2.3711238!3d41.5235569!3m2!1i1024!2i768!4f13.1!3m3!1m2!1s0x12a4b69a0e3649b5%3A0x7ccc0db9abb938d4!2sexe.arquitectura!5e0!3m2!1ses!2ses!4v1690283854827!5m2!1ses!2ses\" width=\"100%\" height=\"450\" style=\"border:0;\" allowfullscreen=\"\" loading=\"lazy\" referrerpolicy=\"no-referrer-when-downgrade\"><\/iframe><\/div>\n\t\t\t<\/div>\n\t\t\t<\/div>\n\t\t\t\t\n\t\t\t\t\n\t\t\t\t\n\t\t\t\t\n\t\t\t<\/div>\n\t\t\t\t\n\t\t\t\t\n\t\t\t<\/div><\/p>\n","protected":false},"excerpt":{"rendered":"","protected":false},"author":2,"featured_media":0,"parent":0,"menu_order":0,"comment_status":"closed","ping_status":"closed","template":"","meta":{"_acf_changed":false,"_et_pb_use_builder":"on","_et_pb_old_content":"","_et_gb_content_width":"","footnotes":""},"class_list":["post-2853","page","type-page","status-publish","hentry"],"acf":[],"yoast_head":"<!-- This site is optimized with the Yoast SEO plugin v27.4 - https:\/\/yoast.com\/product\/yoast-seo-wordpress\/ -->\n<title>Contacte - exearquitectura<\/title>\n<meta name=\"robots\" content=\"index, follow, max-snippet:-1, max-image-preview:large, max-video-preview:-1\" \/>\n<link rel=\"canonical\" href=\"https:\/\/exearquitectura.com\/ca\/contacte\/\" \/>\n<meta property=\"og:locale\" content=\"ca_ES\" \/>\n<meta property=\"og:type\" content=\"article\" \/>\n<meta property=\"og:title\" content=\"Contacte - exearquitectura\" \/>\n<meta property=\"og:url\" content=\"https:\/\/exearquitectura.com\/ca\/contacte\/\" \/>\n<meta property=\"og:site_name\" content=\"exearquitectura\" \/>\n<meta property=\"article:modified_time\" content=\"2025-07-30T10:24:28+00:00\" \/>\n<meta name=\"twitter:card\" content=\"summary_large_image\" \/>\n<meta name=\"twitter:label1\" content=\"Temps estimat de lectura\" \/>\n\t<meta name=\"twitter:data1\" content=\"7 minuts\" \/>\n<script type=\"application\/ld+json\" class=\"yoast-schema-graph\">{\"@context\":\"https:\\\/\\\/schema.org\",\"@graph\":[{\"@type\":\"WebPage\",\"@id\":\"https:\\\/\\\/exearquitectura.com\\\/ca\\\/contacte\\\/\",\"url\":\"https:\\\/\\\/exearquitectura.com\\\/ca\\\/contacte\\\/\",\"name\":\"Contacte - exearquitectura\",\"isPartOf\":{\"@id\":\"https:\\\/\\\/exearquitectura.com\\\/#website\"},\"datePublished\":\"2022-03-30T05:36:03+00:00\",\"dateModified\":\"2025-07-30T10:24:28+00:00\",\"breadcrumb\":{\"@id\":\"https:\\\/\\\/exearquitectura.com\\\/ca\\\/contacte\\\/#breadcrumb\"},\"inLanguage\":\"ca\",\"potentialAction\":[{\"@type\":\"ReadAction\",\"target\":[\"https:\\\/\\\/exearquitectura.com\\\/ca\\\/contacte\\\/\"]}]},{\"@type\":\"BreadcrumbList\",\"@id\":\"https:\\\/\\\/exearquitectura.com\\\/ca\\\/contacte\\\/#breadcrumb\",\"itemListElement\":[{\"@type\":\"ListItem\",\"position\":1,\"name\":\"Portada\",\"item\":\"https:\\\/\\\/exearquitectura.com\\\/\"},{\"@type\":\"ListItem\",\"position\":2,\"name\":\"Contacte\"}]},{\"@type\":\"WebSite\",\"@id\":\"https:\\\/\\\/exearquitectura.com\\\/#website\",\"url\":\"https:\\\/\\\/exearquitectura.com\\\/\",\"name\":\"exearquitectura\",\"description\":\"Building a better tomorrow today\",\"potentialAction\":[{\"@type\":\"SearchAction\",\"target\":{\"@type\":\"EntryPoint\",\"urlTemplate\":\"https:\\\/\\\/exearquitectura.com\\\/?s={search_term_string}\"},\"query-input\":{\"@type\":\"PropertyValueSpecification\",\"valueRequired\":true,\"valueName\":\"search_term_string\"}}],\"inLanguage\":\"ca\"}]}<\/script>\n<!-- \/ Yoast SEO plugin. -->","yoast_head_json":{"title":"Contacte - exearquitectura","robots":{"index":"index","follow":"follow","max-snippet":"max-snippet:-1","max-image-preview":"max-image-preview:large","max-video-preview":"max-video-preview:-1"},"canonical":"https:\/\/exearquitectura.com\/ca\/contacte\/","og_locale":"ca_ES","og_type":"article","og_title":"Contacte - exearquitectura","og_url":"https:\/\/exearquitectura.com\/ca\/contacte\/","og_site_name":"exearquitectura","article_modified_time":"2025-07-30T10:24:28+00:00","twitter_card":"summary_large_image","twitter_misc":{"Temps estimat de lectura":"7 minuts"},"schema":{"@context":"https:\/\/schema.org","@graph":[{"@type":"WebPage","@id":"https:\/\/exearquitectura.com\/ca\/contacte\/","url":"https:\/\/exearquitectura.com\/ca\/contacte\/","name":"Contacte - exearquitectura","isPartOf":{"@id":"https:\/\/exearquitectura.com\/#website"},"datePublished":"2022-03-30T05:36:03+00:00","dateModified":"2025-07-30T10:24:28+00:00","breadcrumb":{"@id":"https:\/\/exearquitectura.com\/ca\/contacte\/#breadcrumb"},"inLanguage":"ca","potentialAction":[{"@type":"ReadAction","target":["https:\/\/exearquitectura.com\/ca\/contacte\/"]}]},{"@type":"BreadcrumbList","@id":"https:\/\/exearquitectura.com\/ca\/contacte\/#breadcrumb","itemListElement":[{"@type":"ListItem","position":1,"name":"Portada","item":"https:\/\/exearquitectura.com\/"},{"@type":"ListItem","position":2,"name":"Contacte"}]},{"@type":"WebSite","@id":"https:\/\/exearquitectura.com\/#website","url":"https:\/\/exearquitectura.com\/","name":"exearquitectura","description":"Building a better tomorrow today","potentialAction":[{"@type":"SearchAction","target":{"@type":"EntryPoint","urlTemplate":"https:\/\/exearquitectura.com\/?s={search_term_string}"},"query-input":{"@type":"PropertyValueSpecification","valueRequired":true,"valueName":"search_term_string"}}],"inLanguage":"ca"}]}},"_links":{"self":[{"href":"https:\/\/exearquitectura.com\/ca\/wp-json\/wp\/v2\/pages\/2853","targetHints":{"allow":["GET"]}}],"collection":[{"href":"https:\/\/exearquitectura.com\/ca\/wp-json\/wp\/v2\/pages"}],"about":[{"href":"https:\/\/exearquitectura.com\/ca\/wp-json\/wp\/v2\/types\/page"}],"author":[{"embeddable":true,"href":"https:\/\/exearquitectura.com\/ca\/wp-json\/wp\/v2\/users\/2"}],"replies":[{"embeddable":true,"href":"https:\/\/exearquitectura.com\/ca\/wp-json\/wp\/v2\/comments?post=2853"}],"version-history":[{"count":20,"href":"https:\/\/exearquitectura.com\/ca\/wp-json\/wp\/v2\/pages\/2853\/revisions"}],"predecessor-version":[{"id":3893,"href":"https:\/\/exearquitectura.com\/ca\/wp-json\/wp\/v2\/pages\/2853\/revisions\/3893"}],"wp:attachment":[{"href":"https:\/\/exearquitectura.com\/ca\/wp-json\/wp\/v2\/media?parent=2853"}],"curies":[{"name":"wp","href":"https:\/\/api.w.org\/{rel}","templated":true}]}}