{"id":2850,"date":"2023-07-20T08:30:03","date_gmt":"2023-07-20T06:30:03","guid":{"rendered":"https:\/\/exearquitectura.com\/manifest\/"},"modified":"2024-04-12T09:29:39","modified_gmt":"2024-04-12T07:29:39","slug":"manifest","status":"publish","type":"page","link":"https:\/\/exearquitectura.com\/ca\/manifest\/","title":{"rendered":"Manifesto"},"content":{"rendered":"<p><div class=\"et_d4_element et_pb_section et_pb_section_0 et_pb_with_background  et_pb_css_mix_blend_mode et_section_regular et_block_section\" >\n\t\t\t\t\n\t\t\t\t\n\t\t\t\t\n\t\t\t\t\n\t\t\t\t\n\t\t\t\t\n\t\t\t\t<div class=\"et_d4_element et_pb_row et_pb_row_0  et_pb_css_mix_blend_mode et_block_row\">\n\t\t\t\t<div class=\"et_d4_element et_pb_column_4_4 et_pb_column et_pb_column_0  et_pb_css_mix_blend_mode et-last-child et_block_column\">\n\t\t\t\t\n\t\t\t\t\n\t\t\t\t\n\t\t\t\t\n\t\t\t\t<div class=\"et_pb_module et_d4_element et_pb_text et_pb_text_0  et_pb_text_align_left et_pb_bg_layout_light\">\n\t\t\t\t\n\t\t\t\t\n\t\t\t\t\n\t\t\t\t\n\t\t\t\t<div class=\"et_pb_text_inner\"><h1>Projectes d'arquitectura<\/h1>\n<h2>Manifesto<\/h2><\/div>\n\t\t\t<\/div>\n\t\t\t<\/div>\n\t\t\t\t\n\t\t\t\t\n\t\t\t\t\n\t\t\t\t\n\t\t\t<\/div>\n\t\t\t\t\n\t\t\t\t\n\t\t\t<\/div><div class=\"et_d4_element et_pb_section et_pb_section_1  et_pb_css_mix_blend_mode et_section_regular et_block_section\" >\n\t\t\t\t\n\t\t\t\t\n\t\t\t\t\n\t\t\t\t\n\t\t\t\t\n\t\t\t\t\n\t\t\t\t<div class=\"et_d4_element et_pb_row et_pb_row_1  et_pb_css_mix_blend_mode et_block_row\">\n\t\t\t\t<div class=\"et_d4_element et_pb_column_4_4 et_pb_column et_pb_column_1  et_pb_css_mix_blend_mode et-last-child et_block_column\">\n\t\t\t\t\n\t\t\t\t\n\t\t\t\t\n\t\t\t\t\n\t\t\t\t<div class=\"et_pb_module et_d4_element et_pb_text et_pb_text_1  et_pb_text_align_left et_pb_bg_layout_light\">\n\t\t\t\t\n\t\t\t\t\n\t\t\t\t\n\t\t\t\t\n\t\t\t\t<div class=\"et_pb_text_inner\"><h2>About<\/h2><\/div>\n\t\t\t<\/div>\n\t\t\t<\/div>\n\t\t\t\t\n\t\t\t\t\n\t\t\t\t\n\t\t\t\t\n\t\t\t<\/div><div class=\"et_d4_element et_pb_row et_pb_row_2  et_pb_css_mix_blend_mode et_block_row\">\n\t\t\t\t<div class=\"et_d4_element et_pb_column_1_2 et_pb_column et_pb_column_2  et_pb_css_mix_blend_mode et_block_column\">\n\t\t\t\t\n\t\t\t\t\n\t\t\t\t\n\t\t\t\t\n\t\t\t\t<div class=\"et_pb_module et_d4_element et_pb_text et_pb_text_2  et_pb_text_align_left et_pb_bg_layout_light\">\n\t\t\t\t\n\t\t\t\t\n\t\t\t\t\n\t\t\t\t\n\t\t\t\t<div class=\"et_pb_text_inner\"><h3>Missi\u00f3<\/h3><\/div>\n\t\t\t<\/div><div class=\"et_pb_module et_d4_element et_pb_text et_pb_text_3  et_pb_text_align_left et_pb_bg_layout_light\">\n\t\t\t\t\n\t\t\t\t\n\t\t\t\t\n\t\t\t\t\n\t\t\t\t<div class=\"et_pb_text_inner\"><p>Transformar el m\u00f3n on vivim mitjan\u00e7ant la rehabilitaci\u00f3 i conservaci\u00f3 d\u2019edificis i tamb\u00e9 amb nous projectes i desenvolupaments, amb dissenys que uneixen criteris elevats de salut i sostenibilitat en benefici dels seus habitants i de la conservaci\u00f3 del planeta.<\/p><\/div>\n\t\t\t<\/div><div class=\"et_pb_module et_d4_element et_pb_text et_pb_text_4  et_pb_text_align_left et_pb_bg_layout_light\">\n\t\t\t\t\n\t\t\t\t\n\t\t\t\t\n\t\t\t\t\n\t\t\t\t<div class=\"et_pb_text_inner\"><h3>Visi\u00f3<\/h3><\/div>\n\t\t\t<\/div><div class=\"et_pb_module et_d4_element et_pb_text et_pb_text_5  et_pb_text_align_left et_pb_bg_layout_light\">\n\t\t\t\t\n\t\t\t\t\n\t\t\t\t\n\t\t\t\t\n\t\t\t\t<div class=\"et_pb_text_inner\"><p>Creiem en la nostra capacitat de dissenyar projectes sostenibles i innovadors amb l\u2019objectiu de crear un futur millor per al planeta, els nostres fills i les futures generacions. Ens centrem en les necessitats que s\u00f3n importants i significatives de deb\u00f2 i col\u00b7laborem activament amb gent compromesa que s\u2019inspira per donar el millor de si mateixa, pel seu projecte, pel nostre projecte, per un m\u00f3n millor.<\/p><\/div>\n\t\t\t<\/div>\n\t\t\t<\/div><div class=\"et_d4_element et_pb_column_1_2 et_pb_column et_pb_column_3  et_pb_css_mix_blend_mode et-last-child et_block_column\">\n\t\t\t\t\n\t\t\t\t\n\t\t\t\t\n\t\t\t\t\n\t\t\t\t<div class=\"et_pb_module et_d4_element et_pb_text et_pb_text_6  et_pb_text_align_left et_pb_bg_layout_light\">\n\t\t\t\t\n\t\t\t\t\n\t\t\t\t\n\t\t\t\t\n\t\t\t\t<div class=\"et_pb_text_inner\"><h3>Personal Manifesto<\/h3><\/div>\n\t\t\t<\/div><div class=\"et_pb_module et_d4_element et_pb_text et_pb_text_7  et_pb_text_align_left et_pb_bg_layout_light\">\n\t\t\t\t\n\t\t\t\t\n\t\t\t\t\n\t\t\t\t\n\t\t\t\t<div class=\"et_pb_text_inner\"><p>Creiem que les empreses i les persones que en formem part tenim un paper cabdal i una responsabilitat amb les nostres accions. El 2004 vam comen\u00e7ar la nostra aposta per la sostenibilitat i vam aconseguir ser pioners amb projectes de refer\u00e8ncia d\u2019\u00e0mbit estatal i europeu.<\/p>\n<p>Creiem tamb\u00e9 que ha arribat el moment de fer un salt endavant i per aix\u00f2 hem de ser la palanca de transformaci\u00f3 i apostar per un impacte positiu en el nostre creixement i en el dels nostres clients, la comunitat i el planeta.<\/p>\n<p>Creiem que es tracta de tot un repte, per\u00f2 tamb\u00e9 que no hi ha res impossible i que cada acci\u00f3 del nostre present condiciona el nostre futur i, m\u00e9s encara, el dels nostres fills.<\/p>\n<p>El nostre projecte \u00e9s el nostre llegat.<\/p><\/div>\n\t\t\t<\/div>\n\t\t\t<\/div>\n\t\t\t\t\n\t\t\t\t\n\t\t\t\t\n\t\t\t\t\n\t\t\t<\/div>\n\t\t\t\t\n\t\t\t\t\n\t\t\t<\/div><div class=\"et_d4_element et_pb_section et_pb_section_2 et_pb_section_parallax et_pb_with_background  et_pb_css_mix_blend_mode et_section_regular et_block_section\" >\n\t\t\t\t\n\t\t\t\t<span class=\"et_parallax_bg_wrap et-pb-parallax-wrapper\"><span\n\t\t\t\t\t\tclass=\"et_parallax_bg et_parallax_bg--et_pb_section_2\"\n\t\t\t\t\t\tstyle=\"background-image: url(https:\/\/exearquitectura.com\/wp-content\/uploads\/2023\/07\/4-perspectiva_.jpg);\"\n\t\t\t\t\t><\/span><span\n\t\t\t\t\t\tclass=\"et_parallax_gradient\"\n\t\t\t\t\t\tstyle=\"background-image: linear-gradient( , rgba(8,89,93,0.5) 0%, rgba(8,89,93,0.5) 100% );\"\n\t\t\t\t\t><\/span><\/span>\n\t\t\t\t\n\t\t\t\t\n\t\t\t\t\n\t\t\t\t\n\t\t\t\t<div class=\"et_d4_element et_pb_row et_pb_row_3 et_pb_equal_columns  et_pb_css_mix_blend_mode et_block_row\">\n\t\t\t\t<div class=\"et_d4_element et_pb_column_4_4 et_pb_column et_pb_column_4  et_pb_css_mix_blend_mode et-last-child et_block_column\">\n\t\t\t\t\n\t\t\t\t\n\t\t\t\t\n\t\t\t\t\n\t\t\t\t<div class=\"et_pb_module et_d4_element et_pb_image et_pb_image_0\">\n\t\t\t\t\n\t\t\t\t\n\t\t\t\t\n\t\t\t\t\n\t\t\t\t<span class=\"et_pb_image_wrap has-box-shadow-overlay\"><div class=\"box-shadow-overlay\"><\/div><img decoding=\"async\" width=\"1908\" height=\"1368\" src=\"https:\/\/exearquitectura.com\/wp-content\/uploads\/2024\/03\/foto-equip-2-1.jpg\" alt=\"foto equip 2\" title=\"foto equip 2\" srcset=\"https:\/\/exearquitectura.com\/wp-content\/uploads\/2024\/03\/foto-equip-2-1.jpg 1908w, https:\/\/exearquitectura.com\/wp-content\/uploads\/2024\/03\/foto-equip-2-1-1280x918.jpg 1280w, https:\/\/exearquitectura.com\/wp-content\/uploads\/2024\/03\/foto-equip-2-1-980x703.jpg 980w, https:\/\/exearquitectura.com\/wp-content\/uploads\/2024\/03\/foto-equip-2-1-480x344.jpg 480w\" sizes=\"(min-width: 0px) and (max-width: 480px) 480px, (min-width: 481px) and (max-width: 980px) 980px, (min-width: 981px) and (max-width: 1280px) 1280px, (min-width: 1281px) 1908px, 100vw\" class=\"wp-image-3628\" \/><\/span>\n\t\t\t<\/div>\n\t\t\t<\/div>\n\t\t\t\t\n\t\t\t\t\n\t\t\t\t\n\t\t\t\t\n\t\t\t<\/div>\n\t\t\t\t\n\t\t\t\t\n\t\t\t<\/div><div class=\"et_d4_element et_pb_section et_pb_section_3  et_pb_css_mix_blend_mode et_section_regular et_block_section\" >\n\t\t\t\t\n\t\t\t\t\n\t\t\t\t\n\t\t\t\t\n\t\t\t\t\n\t\t\t\t\n\t\t\t\t<div class=\"et_d4_element et_pb_row et_pb_row_4  et_pb_css_mix_blend_mode et_block_row\">\n\t\t\t\t<div class=\"et_d4_element et_pb_column_4_4 et_pb_column et_pb_column_5  et_pb_css_mix_blend_mode et-last-child et_block_column\">\n\t\t\t\t\n\t\t\t\t\n\t\t\t\t\n\t\t\t\t\n\t\t\t\t<div class=\"et_pb_module et_d4_element et_pb_text et_pb_text_8  et_pb_text_align_left et_pb_bg_layout_light\">\n\t\t\t\t\n\t\t\t\t\n\t\t\t\t\n\t\t\t\t\n\t\t\t\t<div class=\"et_pb_text_inner\"><h2>Els nostres or\u00edgens<\/h2><\/div>\n\t\t\t<\/div>\n\t\t\t<\/div>\n\t\t\t\t\n\t\t\t\t\n\t\t\t\t\n\t\t\t\t\n\t\t\t<\/div><div class=\"et_d4_element et_pb_row et_pb_row_5  et_pb_css_mix_blend_mode et_block_row\">\n\t\t\t\t<div class=\"et_d4_element et_pb_column_4_4 et_pb_column et_pb_column_6  et_pb_css_mix_blend_mode et-last-child et_block_column\">\n\t\t\t\t\n\t\t\t\t\n\t\t\t\t\n\t\t\t\t\n\t\t\t\t<div class=\"et_pb_module et_d4_element et_pb_text et_pb_text_9  et_pb_text_align_left et_pb_bg_layout_light\">\n\t\t\t\t\n\t\t\t\t\n\t\t\t\t\n\t\t\t\t\n\t\t\t\t<div class=\"et_pb_text_inner\"><p>El cam\u00ed professional a <strong>EXE ARQUITECTURA<\/strong> est\u00e0 marcat pels nostres or\u00edgens i les connexions que hem forjat al llarg dels anys. Iniciem la nostra travessia compartint estudis amb companys de la universitat. Tot va comen\u00e7ar el 1994, a l\u2019estudi d\u2019Aviny\u00f3, a Lle\u00f3 XIII i, finalment, ens traslladem a Aribau.<\/p>\n<p>A partir de la nostra darrera ubicaci\u00f3, fem el salt i establim la nostra activitat al Poblenou de Barcelona, on Elisabeth Sadurn\u00ed, Marc Obrad\u00f3 i Jaume Valor fundem la societat <strong>EXE ARQUITECTURA<\/strong> el 2004 a Barcelona Activa Aquest pas marca l\u2019inici d\u2019una plataforma emocionant per a la nostra creativitat i col\u00b7laboraci\u00f3. Al llarg de m\u00e9s de 25 anys, hem tingut el privilegi de participar en projectes grans i innovadors, aix\u00ed com col\u00b7laborar amb enginyeries i empreses destacades: Bernuz-Fern\u00e1ndez Arquitectes, Otherstructures, ELETRESJOTA, ARCbcn, Green Living Projects, Societat Org\u00e0nica, Aiguasol, Sj12 Enginyers i molts m\u00e9s han estat socis valuosos en el desenvolupament dels nostres projectes.<\/p>\n<p>En aquest cam\u00ed, tamb\u00e9 hem viscut moments d\u2019una transformaci\u00f3 dura i profunda. Des de l\u2019inici de la crisi immobili\u00e0ria el 2008 i durant els anys posteriors passem per una travessia dif\u00edcil amb moments molt complicats emocionalment i econ\u00f2micament. Entre d\u2019altres coses, ens vam veure obligats a desfer l\u2019equip i Jaume Valor va deixar l\u2019empresa. Finalment, Elisabeth Sadurn\u00ed i Marc Obrad\u00f3, amb l\u2019ajuda d\u2019\u00d3scar Iba\u00f1ez i Ra\u00fcl Ben\u00edtez, reflotem i portem endavant l\u2019empresa que ha esdevingut avui.<\/p>\n<p>Per tot l\u2019aprenentatge acumulat, volem donar les gr\u00e0cies a totes les persones que ens hem trobat en aquest cam\u00ed i que, d\u2019una manera o altra, n\u2019han format part El nostre agra\u00efment m\u00e9s profund a tothom de tot cor.<\/p><\/div>\n\t\t\t<\/div>\n\t\t\t<\/div>\n\t\t\t\t\n\t\t\t\t\n\t\t\t\t\n\t\t\t\t\n\t\t\t<\/div>\n\t\t\t\t\n\t\t\t\t\n\t\t\t<\/div><div class=\"et_d4_element et_pb_section et_pb_section_4  et_pb_css_mix_blend_mode et_section_regular et_block_section\" >\n\t\t\t\t\n\t\t\t\t\n\t\t\t\t\n\t\t\t\t\n\t\t\t\t\n\t\t\t\t\n\t\t\t\t<div class=\"et_d4_element et_pb_row et_pb_row_6  et_pb_css_mix_blend_mode et_block_row\">\n\t\t\t\t<div class=\"et_d4_element et_pb_column_4_4 et_pb_column et_pb_column_7  et_pb_css_mix_blend_mode et-last-child et_block_column\">\n\t\t\t\t\n\t\t\t\t\n\t\t\t\t\n\t\t\t\t\n\t\t\t\t<div class=\"et_pb_module et_d4_element et_pb_text et_pb_text_10  et_pb_text_align_left et_pb_bg_layout_light\">\n\t\t\t\t\n\t\t\t\t\n\t\t\t\t\n\t\t\t\t\n\t\t\t\t<div class=\"et_pb_text_inner\"><h2><strong><span>El nostre present i futur<\/span><\/strong><\/h2><\/div>\n\t\t\t<\/div>\n\t\t\t<\/div>\n\t\t\t\t\n\t\t\t\t\n\t\t\t\t\n\t\t\t\t\n\t\t\t<\/div><div class=\"et_d4_element et_pb_row et_pb_row_7  et_pb_css_mix_blend_mode et_block_row\">\n\t\t\t\t<div class=\"et_d4_element et_pb_column_4_4 et_pb_column et_pb_column_8  et_pb_css_mix_blend_mode et-last-child et_block_column\">\n\t\t\t\t\n\t\t\t\t\n\t\t\t\t\n\t\t\t\t\n\t\t\t\t<div class=\"et_pb_module et_d4_element et_pb_text et_pb_text_11  et_pb_text_align_left et_pb_bg_layout_light\">\n\t\t\t\t\n\t\t\t\t\n\t\t\t\t\n\t\t\t\t\n\t\t\t\t<div class=\"et_pb_text_inner\"><p>La nostra visi\u00f3 \u00e9s el motor que ens impulsa cap a un model de treball en qu\u00e8 imaginem empreses i persones que col\u00b7laboren en un entorn de valors compartits.<\/p>\n<p>Volem crear una base s\u00f2lida per inspirar, alinear i comunicar una identitat \u00fanica i distintiva que doni suport als objectius d\u2019un projecte i tamb\u00e9 als de totes les persones i els agents involucrats. D\u2019aquesta manera generarem projectes s\u00f2lids i reeixits alhora que establirem relacions fortes i veritables.<\/p>\n<p>A <strong>EXE ARQUITECTURA<\/strong> ens esforcem per enfortir els nostres valors de sostenibilitat i salut. La nostra visi\u00f3 i missi\u00f3 se centren a crear espais que millorin la qualitat de vida, abra\u00e7ant en un futur l\u2019arquitectura regenerativa i adoptant solucions innovadores. Ens comprometem a desenvolupar projectes que respectin l\u2019entorn i promoguin la salut i el benestar de les persones.<\/p>\n<p>Per aconseguir aquests objectius ambiciosos, ens recolzarem en la Facilitaci\u00f3 Sist\u00e8mica (FS); agra\u00efm a Bugui Garc\u00eda la seva contribuci\u00f3 i esperem rec\u00f3rrer el cam\u00ed al seu costat i al de Laura Obrad\u00f3 i altres col\u00b7legues compromesos. Agra\u00efm tamb\u00e9 la seva contribuci\u00f3 a Emmanuel Pauwels, qui sempre ha estat present en aquest recorregut i continuar\u00e0 formant-ne part liderant projectes d\u2019arquitectura regenerativa.<\/p>\n<p>Et donem la benvinguda a <strong>EXE ARQUITECTURA<\/strong>, on el nostre cam\u00ed professional est\u00e0 marcat per la col\u00b7laboraci\u00f3, la innovaci\u00f3 i la recerca constant d\u2019un futur m\u00e9s sostenible i saludable. <br \/>Junts construirem un m\u00f3n millor.<\/p><\/div>\n\t\t\t<\/div>\n\t\t\t<\/div>\n\t\t\t\t\n\t\t\t\t\n\t\t\t\t\n\t\t\t\t\n\t\t\t<\/div>\n\t\t\t\t\n\t\t\t\t\n\t\t\t<\/div><\/p>\n","protected":false},"excerpt":{"rendered":"","protected":false},"author":2,"featured_media":0,"parent":0,"menu_order":0,"comment_status":"closed","ping_status":"closed","template":"","meta":{"_acf_changed":false,"_et_pb_use_builder":"on","_et_pb_old_content":"","_et_gb_content_width":"","footnotes":""},"class_list":["post-2850","page","type-page","status-publish","hentry"],"acf":[],"yoast_head":"<!-- This site is optimized with the Yoast SEO plugin v27.3 - https:\/\/yoast.com\/product\/yoast-seo-wordpress\/ -->\n<title>Projectes d&#039;arquitectura a Cabrils | EXE Arquitectura<\/title>\n<meta name=\"description\" content=\"Creem espais que milloren la qualitat de vida mitjan\u00e7ant l&#039;arquitectura regenerativa. A la recerca d&#039;un futur sostenible! | EXE Arquitectura \u260e\ufe0f 932 008 035\" \/>\n<meta name=\"robots\" content=\"index, follow, max-snippet:-1, max-image-preview:large, max-video-preview:-1\" \/>\n<link rel=\"canonical\" href=\"https:\/\/exearquitectura.com\/ca\/manifest\/\" \/>\n<meta property=\"og:locale\" content=\"ca_ES\" \/>\n<meta property=\"og:type\" content=\"article\" \/>\n<meta property=\"og:title\" content=\"Projectes d&#039;arquitectura a Cabrils | EXE Arquitectura\" \/>\n<meta property=\"og:description\" content=\"Creem espais que milloren la qualitat de vida mitjan\u00e7ant l&#039;arquitectura regenerativa. A la recerca d&#039;un futur sostenible! | EXE Arquitectura \u260e\ufe0f 932 008 035\" \/>\n<meta property=\"og:url\" content=\"https:\/\/exearquitectura.com\/ca\/manifest\/\" \/>\n<meta property=\"og:site_name\" content=\"exearquitectura\" \/>\n<meta property=\"article:modified_time\" content=\"2024-04-12T07:29:39+00:00\" \/>\n<meta name=\"twitter:card\" content=\"summary_large_image\" \/>\n<meta name=\"twitter:label1\" content=\"Temps estimat de lectura\" \/>\n\t<meta name=\"twitter:data1\" content=\"9 minuts\" \/>\n<script type=\"application\/ld+json\" class=\"yoast-schema-graph\">{\"@context\":\"https:\\\/\\\/schema.org\",\"@graph\":[{\"@type\":\"WebPage\",\"@id\":\"https:\\\/\\\/exearquitectura.com\\\/ca\\\/manifest\\\/\",\"url\":\"https:\\\/\\\/exearquitectura.com\\\/ca\\\/manifest\\\/\",\"name\":\"Projectes d'arquitectura a Cabrils | EXE Arquitectura\",\"isPartOf\":{\"@id\":\"https:\\\/\\\/exearquitectura.com\\\/#website\"},\"datePublished\":\"2023-07-20T06:30:03+00:00\",\"dateModified\":\"2024-04-12T07:29:39+00:00\",\"description\":\"Creem espais que milloren la qualitat de vida mitjan\u00e7ant l'arquitectura regenerativa. A la recerca d'un futur sostenible! | EXE Arquitectura \u260e\ufe0f 932 008 035\",\"breadcrumb\":{\"@id\":\"https:\\\/\\\/exearquitectura.com\\\/ca\\\/manifest\\\/#breadcrumb\"},\"inLanguage\":\"ca\",\"potentialAction\":[{\"@type\":\"ReadAction\",\"target\":[\"https:\\\/\\\/exearquitectura.com\\\/ca\\\/manifest\\\/\"]}]},{\"@type\":\"BreadcrumbList\",\"@id\":\"https:\\\/\\\/exearquitectura.com\\\/ca\\\/manifest\\\/#breadcrumb\",\"itemListElement\":[{\"@type\":\"ListItem\",\"position\":1,\"name\":\"Portada\",\"item\":\"https:\\\/\\\/exearquitectura.com\\\/\"},{\"@type\":\"ListItem\",\"position\":2,\"name\":\"Manifesto\"}]},{\"@type\":\"WebSite\",\"@id\":\"https:\\\/\\\/exearquitectura.com\\\/#website\",\"url\":\"https:\\\/\\\/exearquitectura.com\\\/\",\"name\":\"exearquitectura\",\"description\":\"Building a better tomorrow today\",\"potentialAction\":[{\"@type\":\"SearchAction\",\"target\":{\"@type\":\"EntryPoint\",\"urlTemplate\":\"https:\\\/\\\/exearquitectura.com\\\/?s={search_term_string}\"},\"query-input\":{\"@type\":\"PropertyValueSpecification\",\"valueRequired\":true,\"valueName\":\"search_term_string\"}}],\"inLanguage\":\"ca\"}]}<\/script>\n<!-- \/ Yoast SEO plugin. -->","yoast_head_json":{"title":"Projectes d'arquitectura a Cabrils | EXE Arquitectura","description":"Creem espais que milloren la qualitat de vida mitjan\u00e7ant l'arquitectura regenerativa. A la recerca d'un futur sostenible! | EXE Arquitectura \u260e\ufe0f 932 008 035","robots":{"index":"index","follow":"follow","max-snippet":"max-snippet:-1","max-image-preview":"max-image-preview:large","max-video-preview":"max-video-preview:-1"},"canonical":"https:\/\/exearquitectura.com\/ca\/manifest\/","og_locale":"ca_ES","og_type":"article","og_title":"Projectes d'arquitectura a Cabrils | EXE Arquitectura","og_description":"Creem espais que milloren la qualitat de vida mitjan\u00e7ant l'arquitectura regenerativa. A la recerca d'un futur sostenible! | EXE Arquitectura \u260e\ufe0f 932 008 035","og_url":"https:\/\/exearquitectura.com\/ca\/manifest\/","og_site_name":"exearquitectura","article_modified_time":"2024-04-12T07:29:39+00:00","twitter_card":"summary_large_image","twitter_misc":{"Temps estimat de lectura":"9 minuts"},"schema":{"@context":"https:\/\/schema.org","@graph":[{"@type":"WebPage","@id":"https:\/\/exearquitectura.com\/ca\/manifest\/","url":"https:\/\/exearquitectura.com\/ca\/manifest\/","name":"Projectes d'arquitectura a Cabrils | EXE Arquitectura","isPartOf":{"@id":"https:\/\/exearquitectura.com\/#website"},"datePublished":"2023-07-20T06:30:03+00:00","dateModified":"2024-04-12T07:29:39+00:00","description":"Creem espais que milloren la qualitat de vida mitjan\u00e7ant l'arquitectura regenerativa. A la recerca d'un futur sostenible! | EXE Arquitectura \u260e\ufe0f 932 008 035","breadcrumb":{"@id":"https:\/\/exearquitectura.com\/ca\/manifest\/#breadcrumb"},"inLanguage":"ca","potentialAction":[{"@type":"ReadAction","target":["https:\/\/exearquitectura.com\/ca\/manifest\/"]}]},{"@type":"BreadcrumbList","@id":"https:\/\/exearquitectura.com\/ca\/manifest\/#breadcrumb","itemListElement":[{"@type":"ListItem","position":1,"name":"Portada","item":"https:\/\/exearquitectura.com\/"},{"@type":"ListItem","position":2,"name":"Manifesto"}]},{"@type":"WebSite","@id":"https:\/\/exearquitectura.com\/#website","url":"https:\/\/exearquitectura.com\/","name":"exearquitectura","description":"Building a better tomorrow today","potentialAction":[{"@type":"SearchAction","target":{"@type":"EntryPoint","urlTemplate":"https:\/\/exearquitectura.com\/?s={search_term_string}"},"query-input":{"@type":"PropertyValueSpecification","valueRequired":true,"valueName":"search_term_string"}}],"inLanguage":"ca"}]}},"_links":{"self":[{"href":"https:\/\/exearquitectura.com\/ca\/wp-json\/wp\/v2\/pages\/2850","targetHints":{"allow":["GET"]}}],"collection":[{"href":"https:\/\/exearquitectura.com\/ca\/wp-json\/wp\/v2\/pages"}],"about":[{"href":"https:\/\/exearquitectura.com\/ca\/wp-json\/wp\/v2\/types\/page"}],"author":[{"embeddable":true,"href":"https:\/\/exearquitectura.com\/ca\/wp-json\/wp\/v2\/users\/2"}],"replies":[{"embeddable":true,"href":"https:\/\/exearquitectura.com\/ca\/wp-json\/wp\/v2\/comments?post=2850"}],"version-history":[{"count":19,"href":"https:\/\/exearquitectura.com\/ca\/wp-json\/wp\/v2\/pages\/2850\/revisions"}],"predecessor-version":[{"id":3733,"href":"https:\/\/exearquitectura.com\/ca\/wp-json\/wp\/v2\/pages\/2850\/revisions\/3733"}],"wp:attachment":[{"href":"https:\/\/exearquitectura.com\/ca\/wp-json\/wp\/v2\/media?parent=2850"}],"curies":[{"name":"wp","href":"https:\/\/api.w.org\/{rel}","templated":true}]}}